{"id":1376,"date":"2024-10-29T20:30:55","date_gmt":"2024-10-29T19:30:55","guid":{"rendered":"https:\/\/kaoscreativo.es\/product\/taza-personalizada\/"},"modified":"2025-05-15T00:18:19","modified_gmt":"2025-05-14T22:18:19","slug":"taza-personalizada","status":"publish","type":"product","link":"https:\/\/kaoscreativo.es\/en\/product\/taza-personalizada\/","title":{"rendered":"Taza \u00abPersonalizada\u00bb"},"content":{"rendered":"<p class=\"\" data-start=\"119\" data-end=\"343\"><strong data-start=\"119\" data-end=\"174\">\u00bfBuscas un regalo original y lleno de personalidad?<\/strong><br data-start=\"174\" data-end=\"177\" \/>\u00a1Con nuestras tazas personalizadas acertar\u00e1s seguro! T\u00fa nos das la idea y nosotros la convertimos en un dise\u00f1o \u00fanico, pensado especialmente para esa persona especial.<\/p>\n<p class=\"\" data-start=\"345\" data-end=\"543\">Una vez finalices tu compra, en pocas horas nos pondremos en contacto contigo por WhatsApp para mostrarte el dise\u00f1o final y asegurarnos de que quede justo como lo imaginaste. \u00a1As\u00ed de f\u00e1cil y r\u00e1pido!<\/p>","protected":false},"excerpt":{"rendered":"<p>\u00bfQuieres sorprender con un regalo \u00fanico? \u00a1Con una taza personalizada seguro que lo consigues!<\/p>\n<p>Una vez finalizada tu compra, en unas horas, te escribiremos por WhatsApp envi\u00e1ndote tu dise\u00f1o final siguiendo tus indicaciones.<\/p>","protected":false},"featured_media":1518,"comment_status":"open","ping_status":"closed","template":"","meta":{"_acf_changed":false,"_vp_format_video_url":"","_vp_image_focal_point":[]},"product_brand":[],"product_cat":[49,51],"product_tag":[],"class_list":{"0":"post-1376","1":"product","2":"type-product","3":"status-publish","4":"has-post-thumbnail","6":"product_cat-tazas","7":"product_cat-personalizadas","8":"pa_color-interior-y-asa-amarillo","9":"pa_color-interior-y-asa-azul","10":"pa_color-interior-y-asa-azul-cielo","11":"pa_color-interior-y-asa-azul-marino","12":"pa_color-interior-y-asa-blanco","13":"pa_color-interior-y-asa-naranja","14":"pa_color-interior-y-asa-negro","15":"pa_color-interior-y-asa-rojo","16":"pa_color-interior-y-asa-verde","17":"pa_color-interior-y-asa-verde-claro","19":"first","20":"instock","21":"sold-individually","22":"shipping-taxable","23":"purchasable","24":"product-type-variable"},"acf":[],"yoast_head":"<!-- This site is optimized with the Yoast SEO plugin v25.3 - https:\/\/yoast.com\/wordpress\/plugins\/seo\/ -->\n<title>Taza &quot;Personalizada&quot; - Kaos<\/title>\n<meta name=\"description\" content=\"Sorprende con un regalo original: crea una taza personalizada \u00fanica. Te enviamos el dise\u00f1o final por WhatsApp en pocas horas tras tu compra. \u00a1F\u00e1cil, r\u00e1pido y especial!\" \/>\n<meta name=\"robots\" content=\"index, follow, max-snippet:-1, max-image-preview:large, max-video-preview:-1\" \/>\n<link rel=\"canonical\" href=\"https:\/\/kaoscreativo.es\/en\/product\/taza-personalizada\/\" \/>\n<meta property=\"og:locale\" content=\"en_US\" \/>\n<meta property=\"og:type\" content=\"article\" \/>\n<meta property=\"og:title\" content=\"Taza &quot;Personalizada&quot; - Kaos\" \/>\n<meta property=\"og:description\" content=\"Sorprende con un regalo original: crea una taza personalizada \u00fanica. Te enviamos el dise\u00f1o final por WhatsApp en pocas horas tras tu compra. \u00a1F\u00e1cil, r\u00e1pido y especial!\" \/>\n<meta property=\"og:url\" content=\"https:\/\/kaoscreativo.es\/en\/product\/taza-personalizada\/\" \/>\n<meta property=\"og:site_name\" content=\"Kaos\" \/>\n<meta property=\"article:modified_time\" content=\"2025-05-14T22:18:19+00:00\" \/>\n<meta property=\"og:image\" content=\"https:\/\/kaoscreativo.es\/wp-content\/uploads\/2024\/10\/Mockup-cuadrado-Taza.jpg\" \/>\n\t<meta property=\"og:image:width\" content=\"2362\" \/>\n\t<meta property=\"og:image:height\" content=\"2362\" \/>\n\t<meta property=\"og:image:type\" content=\"image\/jpeg\" \/>\n<meta name=\"twitter:card\" content=\"summary_large_image\" \/>\n<meta name=\"twitter:label1\" content=\"Est. reading time\" \/>\n\t<meta name=\"twitter:data1\" content=\"1 minute\" \/>\n<script type=\"application\/ld+json\" class=\"yoast-schema-graph\">{\"@context\":\"https:\/\/schema.org\",\"@graph\":[{\"@type\":\"WebPage\",\"@id\":\"https:\/\/kaoscreativo.es\/product\/taza-personalizada\/\",\"url\":\"https:\/\/kaoscreativo.es\/product\/taza-personalizada\/\",\"name\":\"Taza \\\"Personalizada\\\" - Kaos\",\"isPartOf\":{\"@id\":\"https:\/\/kaoscreativo.es\/#website\"},\"primaryImageOfPage\":{\"@id\":\"https:\/\/kaoscreativo.es\/product\/taza-personalizada\/#primaryimage\"},\"image\":{\"@id\":\"https:\/\/kaoscreativo.es\/product\/taza-personalizada\/#primaryimage\"},\"thumbnailUrl\":\"https:\/\/kaoscreativo.es\/wp-content\/uploads\/2024\/10\/Mockup-cuadrado-Taza.jpg\",\"datePublished\":\"2024-10-29T19:30:55+00:00\",\"dateModified\":\"2025-05-14T22:18:19+00:00\",\"description\":\"Sorprende con un regalo original: crea una taza personalizada \u00fanica. Te enviamos el dise\u00f1o final por WhatsApp en pocas horas tras tu compra. \u00a1F\u00e1cil, r\u00e1pido y especial!\",\"breadcrumb\":{\"@id\":\"https:\/\/kaoscreativo.es\/product\/taza-personalizada\/#breadcrumb\"},\"inLanguage\":\"en-US\",\"potentialAction\":[{\"@type\":\"ReadAction\",\"target\":[\"https:\/\/kaoscreativo.es\/product\/taza-personalizada\/\"]}]},{\"@type\":\"ImageObject\",\"inLanguage\":\"en-US\",\"@id\":\"https:\/\/kaoscreativo.es\/product\/taza-personalizada\/#primaryimage\",\"url\":\"https:\/\/kaoscreativo.es\/wp-content\/uploads\/2024\/10\/Mockup-cuadrado-Taza.jpg\",\"contentUrl\":\"https:\/\/kaoscreativo.es\/wp-content\/uploads\/2024\/10\/Mockup-cuadrado-Taza.jpg\",\"width\":2362,\"height\":2362},{\"@type\":\"BreadcrumbList\",\"@id\":\"https:\/\/kaoscreativo.es\/product\/taza-personalizada\/#breadcrumb\",\"itemListElement\":[{\"@type\":\"ListItem\",\"position\":1,\"name\":\"Portada\",\"item\":\"https:\/\/kaoscreativo.es\/\"},{\"@type\":\"ListItem\",\"position\":2,\"name\":\"Regalos Originales y Personalizados\",\"item\":\"https:\/\/kaoscreativo.es\/shop\/\"},{\"@type\":\"ListItem\",\"position\":3,\"name\":\"Taza \u00abPersonalizada\u00bb\"}]},{\"@type\":\"WebSite\",\"@id\":\"https:\/\/kaoscreativo.es\/#website\",\"url\":\"https:\/\/kaoscreativo.es\/\",\"name\":\"Kaos\",\"description\":\"\",\"potentialAction\":[{\"@type\":\"SearchAction\",\"target\":{\"@type\":\"EntryPoint\",\"urlTemplate\":\"https:\/\/kaoscreativo.es\/?s={search_term_string}\"},\"query-input\":{\"@type\":\"PropertyValueSpecification\",\"valueRequired\":true,\"valueName\":\"search_term_string\"}}],\"inLanguage\":\"en-US\"}]}<\/script>\n<!-- \/ Yoast SEO plugin. -->","yoast_head_json":{"title":"Taza \"Personalizada\" - Kaos","description":"Sorprende con un regalo original: crea una taza personalizada \u00fanica. Te enviamos el dise\u00f1o final por WhatsApp en pocas horas tras tu compra. \u00a1F\u00e1cil, r\u00e1pido y especial!","robots":{"index":"index","follow":"follow","max-snippet":"max-snippet:-1","max-image-preview":"max-image-preview:large","max-video-preview":"max-video-preview:-1"},"canonical":"https:\/\/kaoscreativo.es\/en\/product\/taza-personalizada\/","og_locale":"en_US","og_type":"article","og_title":"Taza \"Personalizada\" - Kaos","og_description":"Sorprende con un regalo original: crea una taza personalizada \u00fanica. Te enviamos el dise\u00f1o final por WhatsApp en pocas horas tras tu compra. \u00a1F\u00e1cil, r\u00e1pido y especial!","og_url":"https:\/\/kaoscreativo.es\/en\/product\/taza-personalizada\/","og_site_name":"Kaos","article_modified_time":"2025-05-14T22:18:19+00:00","og_image":[{"width":2362,"height":2362,"url":"https:\/\/kaoscreativo.es\/wp-content\/uploads\/2024\/10\/Mockup-cuadrado-Taza.jpg","type":"image\/jpeg"}],"twitter_card":"summary_large_image","twitter_misc":{"Est. reading time":"1 minute"},"schema":{"@context":"https:\/\/schema.org","@graph":[{"@type":"WebPage","@id":"https:\/\/kaoscreativo.es\/product\/taza-personalizada\/","url":"https:\/\/kaoscreativo.es\/product\/taza-personalizada\/","name":"Taza \"Personalizada\" - Kaos","isPartOf":{"@id":"https:\/\/kaoscreativo.es\/#website"},"primaryImageOfPage":{"@id":"https:\/\/kaoscreativo.es\/product\/taza-personalizada\/#primaryimage"},"image":{"@id":"https:\/\/kaoscreativo.es\/product\/taza-personalizada\/#primaryimage"},"thumbnailUrl":"https:\/\/kaoscreativo.es\/wp-content\/uploads\/2024\/10\/Mockup-cuadrado-Taza.jpg","datePublished":"2024-10-29T19:30:55+00:00","dateModified":"2025-05-14T22:18:19+00:00","description":"Sorprende con un regalo original: crea una taza personalizada \u00fanica. Te enviamos el dise\u00f1o final por WhatsApp en pocas horas tras tu compra. \u00a1F\u00e1cil, r\u00e1pido y especial!","breadcrumb":{"@id":"https:\/\/kaoscreativo.es\/product\/taza-personalizada\/#breadcrumb"},"inLanguage":"en-US","potentialAction":[{"@type":"ReadAction","target":["https:\/\/kaoscreativo.es\/product\/taza-personalizada\/"]}]},{"@type":"ImageObject","inLanguage":"en-US","@id":"https:\/\/kaoscreativo.es\/product\/taza-personalizada\/#primaryimage","url":"https:\/\/kaoscreativo.es\/wp-content\/uploads\/2024\/10\/Mockup-cuadrado-Taza.jpg","contentUrl":"https:\/\/kaoscreativo.es\/wp-content\/uploads\/2024\/10\/Mockup-cuadrado-Taza.jpg","width":2362,"height":2362},{"@type":"BreadcrumbList","@id":"https:\/\/kaoscreativo.es\/product\/taza-personalizada\/#breadcrumb","itemListElement":[{"@type":"ListItem","position":1,"name":"Portada","item":"https:\/\/kaoscreativo.es\/"},{"@type":"ListItem","position":2,"name":"Regalos Originales y Personalizados","item":"https:\/\/kaoscreativo.es\/shop\/"},{"@type":"ListItem","position":3,"name":"Taza \u00abPersonalizada\u00bb"}]},{"@type":"WebSite","@id":"https:\/\/kaoscreativo.es\/#website","url":"https:\/\/kaoscreativo.es\/","name":"Kaos","description":"","potentialAction":[{"@type":"SearchAction","target":{"@type":"EntryPoint","urlTemplate":"https:\/\/kaoscreativo.es\/?s={search_term_string}"},"query-input":{"@type":"PropertyValueSpecification","valueRequired":true,"valueName":"search_term_string"}}],"inLanguage":"en-US"}]}},"_links":{"self":[{"href":"https:\/\/kaoscreativo.es\/en\/wp-json\/wp\/v2\/product\/1376","targetHints":{"allow":["GET"]}}],"collection":[{"href":"https:\/\/kaoscreativo.es\/en\/wp-json\/wp\/v2\/product"}],"about":[{"href":"https:\/\/kaoscreativo.es\/en\/wp-json\/wp\/v2\/types\/product"}],"replies":[{"embeddable":true,"href":"https:\/\/kaoscreativo.es\/en\/wp-json\/wp\/v2\/comments?post=1376"}],"wp:featuredmedia":[{"embeddable":true,"href":"https:\/\/kaoscreativo.es\/en\/wp-json\/wp\/v2\/media\/1518"}],"wp:attachment":[{"href":"https:\/\/kaoscreativo.es\/en\/wp-json\/wp\/v2\/media?parent=1376"}],"wp:term":[{"taxonomy":"product_brand","embeddable":true,"href":"https:\/\/kaoscreativo.es\/en\/wp-json\/wp\/v2\/product_brand?post=1376"},{"taxonomy":"product_cat","embeddable":true,"href":"https:\/\/kaoscreativo.es\/en\/wp-json\/wp\/v2\/product_cat?post=1376"},{"taxonomy":"product_tag","embeddable":true,"href":"https:\/\/kaoscreativo.es\/en\/wp-json\/wp\/v2\/product_tag?post=1376"}],"curies":[{"name":"wp","href":"https:\/\/api.w.org\/{rel}","templated":true}]}}