{"id":1374,"date":"2024-10-29T20:30:55","date_gmt":"2024-10-29T19:30:55","guid":{"rendered":"https:\/\/kaoscreativo.es\/product\/taza-conxuro\/"},"modified":"2025-05-12T22:55:03","modified_gmt":"2025-05-12T20:55:03","slug":"taza-conxuro","status":"publish","type":"product","link":"https:\/\/kaoscreativo.es\/en\/product\/taza-conxuro\/","title":{"rendered":"Taza \u00abConxuro\u00bb"},"content":{"rendered":"<p class=\"\" data-start=\"84\" data-end=\"113\"><strong data-start=\"84\" data-end=\"113\">Descripci\u00f3n del producto:<\/strong><\/p>\n<p class=\"\" data-start=\"115\" data-end=\"345\">Original taza de porcelana blanca decorada con el cl\u00e1sico <em data-start=\"173\" data-end=\"196\">\u00abConxuro da Queimada\u00bb<\/em>, el encantamiento tradicional gallego que ahuyenta los malos esp\u00edritus. Ideal para quienes aman la cultura gallega o buscan un detalle con car\u00e1cter.<\/p>\n<p class=\"\" data-start=\"347\" data-end=\"447\">Se presenta en una caja individual de cart\u00f3n blanco, perfecta para regalar sin necesidad de envolver.<\/p>\n<p class=\"\" data-start=\"449\" data-end=\"471\"><strong data-start=\"449\" data-end=\"469\">Caracter\u00edsticas:<\/strong><\/p>\n<p data-start=\"449\" data-end=\"471\">\u00a0<strong> \u00a0\u00b7<\/strong> Acabado brillo<\/p>\n<p class=\"\" data-start=\"474\" data-end=\"494\">\u00a0 \u00a0<strong>\u00b7<\/strong> Medidas: 10 x 8 cm<\/p>\n<p class=\"\" data-start=\"474\" data-end=\"494\">\u00a0 <strong>\u00a0\u00b7<\/strong> Apta para lavavajillas y microondas<\/p>","protected":false},"excerpt":{"rendered":"<p>Taza de cer\u00e1mica de 350ml con el \u00abconxuro da queimada\u00bb<\/p>","protected":false},"featured_media":1499,"comment_status":"open","ping_status":"closed","template":"","meta":{"_acf_changed":false,"_vp_format_video_url":"","_vp_image_focal_point":[]},"product_brand":[],"product_cat":[50],"product_tag":[],"class_list":{"0":"post-1374","1":"product","2":"type-product","3":"status-publish","4":"has-post-thumbnail","6":"product_cat-tazas-en-gallego","8":"first","9":"instock","10":"shipping-taxable","11":"purchasable","12":"product-type-simple"},"acf":[],"yoast_head":"<!-- This site is optimized with the Yoast SEO plugin v25.3 - https:\/\/yoast.com\/wordpress\/plugins\/seo\/ -->\n<title>Taza &quot;Conxuro&quot; - Kaos<\/title>\n<meta name=\"description\" content=\"Taza de porcelana blanca con asa decorada con el cl\u00e1sico &quot;Conxuro da Queimada&quot;. Un dise\u00f1o \u00fanico que celebra la tradici\u00f3n gallega con estilo.\" \/>\n<meta name=\"robots\" content=\"index, follow, max-snippet:-1, max-image-preview:large, max-video-preview:-1\" \/>\n<link rel=\"canonical\" href=\"https:\/\/kaoscreativo.es\/en\/product\/taza-conxuro\/\" \/>\n<meta property=\"og:locale\" content=\"en_US\" \/>\n<meta property=\"og:type\" content=\"article\" \/>\n<meta property=\"og:title\" content=\"Taza &quot;Conxuro&quot; - Kaos\" \/>\n<meta property=\"og:description\" content=\"Taza de porcelana blanca con asa decorada con el cl\u00e1sico &quot;Conxuro da Queimada&quot;. Un dise\u00f1o \u00fanico que celebra la tradici\u00f3n gallega con estilo.\" \/>\n<meta property=\"og:url\" content=\"https:\/\/kaoscreativo.es\/en\/product\/taza-conxuro\/\" \/>\n<meta property=\"og:site_name\" content=\"Kaos\" \/>\n<meta property=\"article:modified_time\" content=\"2025-05-12T20:55:03+00:00\" \/>\n<meta property=\"og:image\" content=\"https:\/\/kaoscreativo.es\/wp-content\/uploads\/2024\/10\/taza-conxuro.jpg\" \/>\n\t<meta property=\"og:image:width\" content=\"800\" \/>\n\t<meta property=\"og:image:height\" content=\"1040\" \/>\n\t<meta property=\"og:image:type\" content=\"image\/jpeg\" \/>\n<meta name=\"twitter:card\" content=\"summary_large_image\" \/>\n<meta name=\"twitter:label1\" content=\"Est. reading time\" \/>\n\t<meta name=\"twitter:data1\" content=\"1 minute\" \/>\n<script type=\"application\/ld+json\" class=\"yoast-schema-graph\">{\"@context\":\"https:\/\/schema.org\",\"@graph\":[{\"@type\":\"WebPage\",\"@id\":\"https:\/\/kaoscreativo.es\/product\/taza-conxuro\/\",\"url\":\"https:\/\/kaoscreativo.es\/product\/taza-conxuro\/\",\"name\":\"Taza \\\"Conxuro\\\" - Kaos\",\"isPartOf\":{\"@id\":\"https:\/\/kaoscreativo.es\/#website\"},\"primaryImageOfPage\":{\"@id\":\"https:\/\/kaoscreativo.es\/product\/taza-conxuro\/#primaryimage\"},\"image\":{\"@id\":\"https:\/\/kaoscreativo.es\/product\/taza-conxuro\/#primaryimage\"},\"thumbnailUrl\":\"https:\/\/kaoscreativo.es\/wp-content\/uploads\/2024\/10\/taza-conxuro.jpg\",\"datePublished\":\"2024-10-29T19:30:55+00:00\",\"dateModified\":\"2025-05-12T20:55:03+00:00\",\"description\":\"Taza de porcelana blanca con asa decorada con el cl\u00e1sico \\\"Conxuro da Queimada\\\". Un dise\u00f1o \u00fanico que celebra la tradici\u00f3n gallega con estilo.\",\"breadcrumb\":{\"@id\":\"https:\/\/kaoscreativo.es\/product\/taza-conxuro\/#breadcrumb\"},\"inLanguage\":\"en-US\",\"potentialAction\":[{\"@type\":\"ReadAction\",\"target\":[\"https:\/\/kaoscreativo.es\/product\/taza-conxuro\/\"]}]},{\"@type\":\"ImageObject\",\"inLanguage\":\"en-US\",\"@id\":\"https:\/\/kaoscreativo.es\/product\/taza-conxuro\/#primaryimage\",\"url\":\"https:\/\/kaoscreativo.es\/wp-content\/uploads\/2024\/10\/taza-conxuro.jpg\",\"contentUrl\":\"https:\/\/kaoscreativo.es\/wp-content\/uploads\/2024\/10\/taza-conxuro.jpg\",\"width\":800,\"height\":1040},{\"@type\":\"BreadcrumbList\",\"@id\":\"https:\/\/kaoscreativo.es\/product\/taza-conxuro\/#breadcrumb\",\"itemListElement\":[{\"@type\":\"ListItem\",\"position\":1,\"name\":\"Portada\",\"item\":\"https:\/\/kaoscreativo.es\/\"},{\"@type\":\"ListItem\",\"position\":2,\"name\":\"Regalos Originales y Personalizados\",\"item\":\"https:\/\/kaoscreativo.es\/shop\/\"},{\"@type\":\"ListItem\",\"position\":3,\"name\":\"Taza \u00abConxuro\u00bb\"}]},{\"@type\":\"WebSite\",\"@id\":\"https:\/\/kaoscreativo.es\/#website\",\"url\":\"https:\/\/kaoscreativo.es\/\",\"name\":\"Kaos\",\"description\":\"\",\"potentialAction\":[{\"@type\":\"SearchAction\",\"target\":{\"@type\":\"EntryPoint\",\"urlTemplate\":\"https:\/\/kaoscreativo.es\/?s={search_term_string}\"},\"query-input\":{\"@type\":\"PropertyValueSpecification\",\"valueRequired\":true,\"valueName\":\"search_term_string\"}}],\"inLanguage\":\"en-US\"}]}<\/script>\n<!-- \/ Yoast SEO plugin. -->","yoast_head_json":{"title":"Taza \"Conxuro\" - Kaos","description":"Taza de porcelana blanca con asa decorada con el cl\u00e1sico \"Conxuro da Queimada\". Un dise\u00f1o \u00fanico que celebra la tradici\u00f3n gallega con estilo.","robots":{"index":"index","follow":"follow","max-snippet":"max-snippet:-1","max-image-preview":"max-image-preview:large","max-video-preview":"max-video-preview:-1"},"canonical":"https:\/\/kaoscreativo.es\/en\/product\/taza-conxuro\/","og_locale":"en_US","og_type":"article","og_title":"Taza \"Conxuro\" - Kaos","og_description":"Taza de porcelana blanca con asa decorada con el cl\u00e1sico \"Conxuro da Queimada\". Un dise\u00f1o \u00fanico que celebra la tradici\u00f3n gallega con estilo.","og_url":"https:\/\/kaoscreativo.es\/en\/product\/taza-conxuro\/","og_site_name":"Kaos","article_modified_time":"2025-05-12T20:55:03+00:00","og_image":[{"width":800,"height":1040,"url":"https:\/\/kaoscreativo.es\/wp-content\/uploads\/2024\/10\/taza-conxuro.jpg","type":"image\/jpeg"}],"twitter_card":"summary_large_image","twitter_misc":{"Est. reading time":"1 minute"},"schema":{"@context":"https:\/\/schema.org","@graph":[{"@type":"WebPage","@id":"https:\/\/kaoscreativo.es\/product\/taza-conxuro\/","url":"https:\/\/kaoscreativo.es\/product\/taza-conxuro\/","name":"Taza \"Conxuro\" - Kaos","isPartOf":{"@id":"https:\/\/kaoscreativo.es\/#website"},"primaryImageOfPage":{"@id":"https:\/\/kaoscreativo.es\/product\/taza-conxuro\/#primaryimage"},"image":{"@id":"https:\/\/kaoscreativo.es\/product\/taza-conxuro\/#primaryimage"},"thumbnailUrl":"https:\/\/kaoscreativo.es\/wp-content\/uploads\/2024\/10\/taza-conxuro.jpg","datePublished":"2024-10-29T19:30:55+00:00","dateModified":"2025-05-12T20:55:03+00:00","description":"Taza de porcelana blanca con asa decorada con el cl\u00e1sico \"Conxuro da Queimada\". Un dise\u00f1o \u00fanico que celebra la tradici\u00f3n gallega con estilo.","breadcrumb":{"@id":"https:\/\/kaoscreativo.es\/product\/taza-conxuro\/#breadcrumb"},"inLanguage":"en-US","potentialAction":[{"@type":"ReadAction","target":["https:\/\/kaoscreativo.es\/product\/taza-conxuro\/"]}]},{"@type":"ImageObject","inLanguage":"en-US","@id":"https:\/\/kaoscreativo.es\/product\/taza-conxuro\/#primaryimage","url":"https:\/\/kaoscreativo.es\/wp-content\/uploads\/2024\/10\/taza-conxuro.jpg","contentUrl":"https:\/\/kaoscreativo.es\/wp-content\/uploads\/2024\/10\/taza-conxuro.jpg","width":800,"height":1040},{"@type":"BreadcrumbList","@id":"https:\/\/kaoscreativo.es\/product\/taza-conxuro\/#breadcrumb","itemListElement":[{"@type":"ListItem","position":1,"name":"Portada","item":"https:\/\/kaoscreativo.es\/"},{"@type":"ListItem","position":2,"name":"Regalos Originales y Personalizados","item":"https:\/\/kaoscreativo.es\/shop\/"},{"@type":"ListItem","position":3,"name":"Taza \u00abConxuro\u00bb"}]},{"@type":"WebSite","@id":"https:\/\/kaoscreativo.es\/#website","url":"https:\/\/kaoscreativo.es\/","name":"Kaos","description":"","potentialAction":[{"@type":"SearchAction","target":{"@type":"EntryPoint","urlTemplate":"https:\/\/kaoscreativo.es\/?s={search_term_string}"},"query-input":{"@type":"PropertyValueSpecification","valueRequired":true,"valueName":"search_term_string"}}],"inLanguage":"en-US"}]}},"_links":{"self":[{"href":"https:\/\/kaoscreativo.es\/en\/wp-json\/wp\/v2\/product\/1374","targetHints":{"allow":["GET"]}}],"collection":[{"href":"https:\/\/kaoscreativo.es\/en\/wp-json\/wp\/v2\/product"}],"about":[{"href":"https:\/\/kaoscreativo.es\/en\/wp-json\/wp\/v2\/types\/product"}],"replies":[{"embeddable":true,"href":"https:\/\/kaoscreativo.es\/en\/wp-json\/wp\/v2\/comments?post=1374"}],"wp:featuredmedia":[{"embeddable":true,"href":"https:\/\/kaoscreativo.es\/en\/wp-json\/wp\/v2\/media\/1499"}],"wp:attachment":[{"href":"https:\/\/kaoscreativo.es\/en\/wp-json\/wp\/v2\/media?parent=1374"}],"wp:term":[{"taxonomy":"product_brand","embeddable":true,"href":"https:\/\/kaoscreativo.es\/en\/wp-json\/wp\/v2\/product_brand?post=1374"},{"taxonomy":"product_cat","embeddable":true,"href":"https:\/\/kaoscreativo.es\/en\/wp-json\/wp\/v2\/product_cat?post=1374"},{"taxonomy":"product_tag","embeddable":true,"href":"https:\/\/kaoscreativo.es\/en\/wp-json\/wp\/v2\/product_tag?post=1374"}],"curies":[{"name":"wp","href":"https:\/\/api.w.org\/{rel}","templated":true}]}}