{"id":152,"date":"2023-01-20T10:24:57","date_gmt":"2023-01-20T10:24:57","guid":{"rendered":"https:\/\/wordpress.mountainthemes.dev\/bernd\/?page_id=152"},"modified":"2024-04-11T21:47:16","modified_gmt":"2024-04-11T19:47:16","slug":"servicios","status":"publish","type":"page","link":"https:\/\/kaoscreativo.es\/en\/servicios\/","title":{"rendered":"Servicios"},"content":{"rendered":"<div data-elementor-type=\"wp-page\" data-elementor-id=\"152\" class=\"elementor elementor-152\" data-elementor-post-type=\"page\">\n\t\t\t\t<div class=\"elementor-element elementor-element-d74b0a6 e-flex e-con-boxed e-con e-parent\" data-id=\"d74b0a6\" data-element_type=\"container\">\n\t\t\t\t\t<div class=\"e-con-inner\">\n\t\t<div class=\"elementor-element elementor-element-625bf3e e-con-full e-flex e-con e-child\" data-id=\"625bf3e\" data-element_type=\"container\">\n\t\t\t\t<div class=\"elementor-element elementor-element-01ec616 elementor-widget elementor-widget-text-editor\" data-id=\"01ec616\" data-element_type=\"widget\" data-widget_type=\"text-editor.default\">\n\t\t\t\t<div class=\"elementor-widget-container\">\n\t\t\t\t\t\t\t\t\t<h1 style=\"text-align: left; text-transform: uppercase; font-weight: 300; line-height: 55px; margin-bottom: 10px; font-size: 3.5em;\"><strong style=\"font-weight: 500;\">Servicios<\/strong><\/h1>\t\t\t\t\t\t\t\t<\/div>\n\t\t\t\t<\/div>\n\t\t\t\t<div class=\"elementor-element elementor-element-ecb6928 elementor-widget__width-initial elementor-widget-tablet__width-inherit elementor-widget elementor-widget-heading\" data-id=\"ecb6928\" data-element_type=\"widget\" data-widget_type=\"heading.default\">\n\t\t\t\t<div class=\"elementor-widget-container\">\n\t\t\t\t\t<h4 class=\"elementor-heading-title elementor-size-default\">Nuestros servicios est\u00e1n dise\u00f1ados para satisfacer tus necesidades con un enfoque \u00fanico y una atenci\u00f3n excepcional.<\/h4>\t\t\t\t<\/div>\n\t\t\t\t<\/div>\n\t\t\t\t<\/div>\n\t\t\t\t\t<\/div>\n\t\t\t\t<\/div>\n\t\t<div class=\"elementor-element elementor-element-7aef69e e-flex e-con-boxed e-con e-parent\" data-id=\"7aef69e\" data-element_type=\"container\">\n\t\t\t\t\t<div class=\"e-con-inner\">\n\t\t<div class=\"elementor-element elementor-element-064cb82 e-con-full e-flex e-con e-child\" data-id=\"064cb82\" data-element_type=\"container\">\n\t\t\t\t<div class=\"elementor-element elementor-element-5898b44 elementor-widget elementor-widget-visual-portfolio\" data-id=\"5898b44\" data-element_type=\"widget\" data-widget_type=\"visual-portfolio.default\">\n\t\t\t\t<div class=\"elementor-widget-container\">\n\t\t\t\t\t\t\t<div\n\t\t\t\t\t>\n\t\t\t\t\t\t\t\n<div class=\"vp-portfolio vp-uid-0a3b73be vp-id-181\"\n\tdata-vp-layout=\"tiles\" data-vp-content-source=\"post-based\" data-vp-items-style=\"bernd_post_style_fade\" data-vp-items-click-action=\"url\" data-vp-items-gap=\"70\" data-vp-items-gap-vertical=\"\" data-vp-pagination=\"load-more\" data-vp-next-page-url=\"\" data-vp-tiles-type=\"3|1,1|\" >\n\t<div class=\"vp-portfolio__preloader-wrap\">\n\t\t<div class=\"vp-portfolio__preloader\">\n\t\t\t<img decoding=\"async\" loading=\"eager\" src=\"https:\/\/kaoscreativo.es\/wp-content\/plugins\/visual-portfolio\/assets\/images\/logo-dark.svg\" alt=\"Visual Portfolio, Posts &amp; Image Gallery for WordPress\" width=\"20\" height=\"20\" data-skip-lazy>\n\t\t<\/div>\n\t<\/div>\n\t\t<div class=\"vp-portfolio__items-wrap\">\n\t\t\t\n<div class=\"vp-portfolio__items vp-portfolio__items-style-bernd_post_style_fade\">\n\n\t\t<article\t\tclass=\"vp-portfolio__item-wrap post-115 portfolio type-portfolio status-publish format-standard has-post-thumbnail hentry vp-portfolio__item-uid-d2777040\" data-vp-filter=\"\" \t\t>\n\t\t\t\t\t\t\t\t\t<figure class=\"vp-portfolio__item\">\n\t\t\t\t\n<article class=\"bernd-item-style-fade post-115 portfolio type-portfolio status-publish format-standard has-post-thumbnail hentry\">\n\n<div class=\"vp-portfolio__item-img-wrap\">\n    \n    <div class=\"vp-portfolio__item-img\">\n        \n    \n        <a href=\"https:\/\/kaoscreativo.es\/en\/portfolio\/ideas\/\">\n            <noscript><img fetchpriority=\"high\" decoding=\"async\" width=\"1280\" height=\"1280\" src=\"https:\/\/kaoscreativo.es\/wp-content\/uploads\/2023\/01\/service-1.webp\" class=\"wp-image-877\" alt=\"\" srcset=\"https:\/\/kaoscreativo.es\/wp-content\/uploads\/2023\/01\/service-1.webp 1280w, https:\/\/kaoscreativo.es\/wp-content\/uploads\/2023\/01\/service-1-300x300.webp 300w, https:\/\/kaoscreativo.es\/wp-content\/uploads\/2023\/01\/service-1-1024x1024.webp 1024w, https:\/\/kaoscreativo.es\/wp-content\/uploads\/2023\/01\/service-1-150x150.webp 150w, https:\/\/kaoscreativo.es\/wp-content\/uploads\/2023\/01\/service-1-768x768.webp 768w, https:\/\/kaoscreativo.es\/wp-content\/uploads\/2023\/01\/service-1-500x500.webp 500w, https:\/\/kaoscreativo.es\/wp-content\/uploads\/2023\/01\/service-1-800x800.webp 800w, https:\/\/kaoscreativo.es\/wp-content\/uploads\/2023\/01\/service-1-100x100.webp 100w\" sizes=\"(max-width: 1280px) 100vw, 1280px\" \/><\/noscript><img decoding=\"async\" width=\"1280\" height=\"1280\" src=\"https:\/\/kaoscreativo.es\/wp-content\/uploads\/2023\/01\/service-1.webp\" class=\"wp-image-877 vp-lazyload\" alt srcset=\"data:image\/svg+xml;base64,PHN2ZyB3aWR0aD0iMTI4MCIgaGVpZ2h0PSIxMjgwIiB2aWV3Qm94PSIwIDAgMTI4MCAxMjgwIiBmaWxsPSJub25lIiB4bWxucz0iaHR0cDovL3d3dy53My5vcmcvMjAwMC9zdmciPjwvc3ZnPg==\" data-src=\"https:\/\/kaoscreativo.es\/wp-content\/uploads\/2023\/01\/service-1.webp\" data-srcset=\"https:\/\/kaoscreativo.es\/wp-content\/uploads\/2023\/01\/service-1.webp 1280w, https:\/\/kaoscreativo.es\/wp-content\/uploads\/2023\/01\/service-1-300x300.webp 300w, https:\/\/kaoscreativo.es\/wp-content\/uploads\/2023\/01\/service-1-1024x1024.webp 1024w, https:\/\/kaoscreativo.es\/wp-content\/uploads\/2023\/01\/service-1-150x150.webp 150w, https:\/\/kaoscreativo.es\/wp-content\/uploads\/2023\/01\/service-1-768x768.webp 768w, https:\/\/kaoscreativo.es\/wp-content\/uploads\/2023\/01\/service-1-500x500.webp 500w, https:\/\/kaoscreativo.es\/wp-content\/uploads\/2023\/01\/service-1-800x800.webp 800w, https:\/\/kaoscreativo.es\/wp-content\/uploads\/2023\/01\/service-1-100x100.webp 100w\" data-sizes=\"auto\" loading=\"eager\">        <\/a>\n\n        \n    <\/div>\n<\/div>\n\n\t<a\n\t\thref=\"https:\/\/kaoscreativo.es\/en\/portfolio\/ideas\/\"\n\t\ttabindex=\"-1\" class=\"vp-portfolio__item-overlay\" \t>\n\t<div class=\"vp-portfolio__item-meta\">\n\n    \n<h2 class=\"vp-portfolio__item-meta-title\">\n\tStickers<\/h2>\n\n<\/div>\n<\/a>\n\n\n <\/article>\n\t\t\t<\/figure>\n\t\t\t\t\t<\/article>\n\t\t\n\t\t<article\t\tclass=\"vp-portfolio__item-wrap post-109 portfolio type-portfolio status-publish format-standard has-post-thumbnail hentry vp-portfolio__item-uid-c2da0d2a\" data-vp-filter=\"\" \t\t>\n\t\t\t\t\t\t\t\t\t<figure class=\"vp-portfolio__item\">\n\t\t\t\t\n<article class=\"bernd-item-style-fade post-109 portfolio type-portfolio status-publish format-standard has-post-thumbnail hentry\">\n\n<div class=\"vp-portfolio__item-img-wrap\">\n    \n    <div class=\"vp-portfolio__item-img\">\n        \n    \n        <a href=\"https:\/\/kaoscreativo.es\/en\/portfolio\/textil\/\">\n            <noscript><img decoding=\"async\" width=\"1280\" height=\"1280\" src=\"https:\/\/kaoscreativo.es\/wp-content\/uploads\/2023\/01\/textil.webp\" class=\"wp-image-944\" alt=\"\" srcset=\"https:\/\/kaoscreativo.es\/wp-content\/uploads\/2023\/01\/textil.webp 1280w, https:\/\/kaoscreativo.es\/wp-content\/uploads\/2023\/01\/textil-300x300.webp 300w, https:\/\/kaoscreativo.es\/wp-content\/uploads\/2023\/01\/textil-1024x1024.webp 1024w, https:\/\/kaoscreativo.es\/wp-content\/uploads\/2023\/01\/textil-150x150.webp 150w, https:\/\/kaoscreativo.es\/wp-content\/uploads\/2023\/01\/textil-768x768.webp 768w, https:\/\/kaoscreativo.es\/wp-content\/uploads\/2023\/01\/textil-500x500.webp 500w, https:\/\/kaoscreativo.es\/wp-content\/uploads\/2023\/01\/textil-800x800.webp 800w, https:\/\/kaoscreativo.es\/wp-content\/uploads\/2023\/01\/textil-100x100.webp 100w\" sizes=\"(max-width: 1280px) 100vw, 1280px\" \/><\/noscript><img decoding=\"async\" width=\"1280\" height=\"1280\" src=\"https:\/\/kaoscreativo.es\/wp-content\/uploads\/2023\/01\/textil.webp\" class=\"wp-image-944 vp-lazyload\" alt srcset=\"data:image\/svg+xml;base64,PHN2ZyB3aWR0aD0iMTI4MCIgaGVpZ2h0PSIxMjgwIiB2aWV3Qm94PSIwIDAgMTI4MCAxMjgwIiBmaWxsPSJub25lIiB4bWxucz0iaHR0cDovL3d3dy53My5vcmcvMjAwMC9zdmciPjwvc3ZnPg==\" data-src=\"https:\/\/kaoscreativo.es\/wp-content\/uploads\/2023\/01\/textil.webp\" data-srcset=\"https:\/\/kaoscreativo.es\/wp-content\/uploads\/2023\/01\/textil.webp 1280w, https:\/\/kaoscreativo.es\/wp-content\/uploads\/2023\/01\/textil-300x300.webp 300w, https:\/\/kaoscreativo.es\/wp-content\/uploads\/2023\/01\/textil-1024x1024.webp 1024w, https:\/\/kaoscreativo.es\/wp-content\/uploads\/2023\/01\/textil-150x150.webp 150w, https:\/\/kaoscreativo.es\/wp-content\/uploads\/2023\/01\/textil-768x768.webp 768w, https:\/\/kaoscreativo.es\/wp-content\/uploads\/2023\/01\/textil-500x500.webp 500w, https:\/\/kaoscreativo.es\/wp-content\/uploads\/2023\/01\/textil-800x800.webp 800w, https:\/\/kaoscreativo.es\/wp-content\/uploads\/2023\/01\/textil-100x100.webp 100w\" data-sizes=\"auto\" loading=\"eager\">        <\/a>\n\n        \n    <\/div>\n<\/div>\n\n\t<a\n\t\thref=\"https:\/\/kaoscreativo.es\/en\/portfolio\/textil\/\"\n\t\ttabindex=\"-1\" class=\"vp-portfolio__item-overlay\" \t>\n\t<div class=\"vp-portfolio__item-meta\">\n\n    \n<h2 class=\"vp-portfolio__item-meta-title\">\n\tTextile<\/h2>\n\n<\/div>\n<\/a>\n\n\n <\/article>\n\t\t\t<\/figure>\n\t\t\t\t\t<\/article>\n\t\t\n\t\t<article\t\tclass=\"vp-portfolio__item-wrap post-104 portfolio type-portfolio status-publish format-standard has-post-thumbnail hentry vp-portfolio__item-uid-bc6b7197\" data-vp-filter=\"\" \t\t>\n\t\t\t\t\t\t\t\t\t<figure class=\"vp-portfolio__item\">\n\t\t\t\t\n<article class=\"bernd-item-style-fade post-104 portfolio type-portfolio status-publish format-standard has-post-thumbnail hentry\">\n\n<div class=\"vp-portfolio__item-img-wrap\">\n    \n    <div class=\"vp-portfolio__item-img\">\n        \n    \n        <a href=\"https:\/\/kaoscreativo.es\/en\/portfolio\/bag\/\">\n            <noscript><img decoding=\"async\" width=\"1280\" height=\"1280\" src=\"https:\/\/kaoscreativo.es\/wp-content\/uploads\/2023\/01\/rotulacion.webp\" class=\"wp-image-946\" alt=\"\" srcset=\"https:\/\/kaoscreativo.es\/wp-content\/uploads\/2023\/01\/rotulacion.webp 1280w, https:\/\/kaoscreativo.es\/wp-content\/uploads\/2023\/01\/rotulacion-300x300.webp 300w, https:\/\/kaoscreativo.es\/wp-content\/uploads\/2023\/01\/rotulacion-1024x1024.webp 1024w, https:\/\/kaoscreativo.es\/wp-content\/uploads\/2023\/01\/rotulacion-150x150.webp 150w, https:\/\/kaoscreativo.es\/wp-content\/uploads\/2023\/01\/rotulacion-768x768.webp 768w, https:\/\/kaoscreativo.es\/wp-content\/uploads\/2023\/01\/rotulacion-500x500.webp 500w, https:\/\/kaoscreativo.es\/wp-content\/uploads\/2023\/01\/rotulacion-800x800.webp 800w, https:\/\/kaoscreativo.es\/wp-content\/uploads\/2023\/01\/rotulacion-100x100.webp 100w\" sizes=\"(max-width: 1280px) 100vw, 1280px\" \/><\/noscript><img decoding=\"async\" width=\"1280\" height=\"1280\" src=\"https:\/\/kaoscreativo.es\/wp-content\/uploads\/2023\/01\/rotulacion.webp\" class=\"wp-image-946 vp-lazyload\" alt srcset=\"data:image\/svg+xml;base64,PHN2ZyB3aWR0aD0iMTI4MCIgaGVpZ2h0PSIxMjgwIiB2aWV3Qm94PSIwIDAgMTI4MCAxMjgwIiBmaWxsPSJub25lIiB4bWxucz0iaHR0cDovL3d3dy53My5vcmcvMjAwMC9zdmciPjwvc3ZnPg==\" data-src=\"https:\/\/kaoscreativo.es\/wp-content\/uploads\/2023\/01\/rotulacion.webp\" data-srcset=\"https:\/\/kaoscreativo.es\/wp-content\/uploads\/2023\/01\/rotulacion.webp 1280w, https:\/\/kaoscreativo.es\/wp-content\/uploads\/2023\/01\/rotulacion-300x300.webp 300w, https:\/\/kaoscreativo.es\/wp-content\/uploads\/2023\/01\/rotulacion-1024x1024.webp 1024w, https:\/\/kaoscreativo.es\/wp-content\/uploads\/2023\/01\/rotulacion-150x150.webp 150w, https:\/\/kaoscreativo.es\/wp-content\/uploads\/2023\/01\/rotulacion-768x768.webp 768w, https:\/\/kaoscreativo.es\/wp-content\/uploads\/2023\/01\/rotulacion-500x500.webp 500w, https:\/\/kaoscreativo.es\/wp-content\/uploads\/2023\/01\/rotulacion-800x800.webp 800w, https:\/\/kaoscreativo.es\/wp-content\/uploads\/2023\/01\/rotulacion-100x100.webp 100w\" data-sizes=\"auto\" loading=\"eager\">        <\/a>\n\n        \n    <\/div>\n<\/div>\n\n\t<a\n\t\thref=\"https:\/\/kaoscreativo.es\/en\/portfolio\/bag\/\"\n\t\ttabindex=\"-1\" class=\"vp-portfolio__item-overlay\" \t>\n\t<div class=\"vp-portfolio__item-meta\">\n\n    \n<h2 class=\"vp-portfolio__item-meta-title\">\n\tRotulaci\u00f3n<\/h2>\n\n<\/div>\n<\/a>\n\n\n <\/article>\n\t\t\t<\/figure>\n\t\t\t\t\t<\/article>\n\t\t\n\t\t<article\t\tclass=\"vp-portfolio__item-wrap post-99 portfolio type-portfolio status-publish format-standard has-post-thumbnail hentry vp-portfolio__item-uid-b39dcf0f\" data-vp-filter=\"\" \t\t>\n\t\t\t\t\t\t\t\t\t<figure class=\"vp-portfolio__item\">\n\t\t\t\t\n<article class=\"bernd-item-style-fade post-99 portfolio type-portfolio status-publish format-standard has-post-thumbnail hentry\">\n\n<div class=\"vp-portfolio__item-img-wrap\">\n    \n    <div class=\"vp-portfolio__item-img\">\n        \n    \n        <a href=\"https:\/\/kaoscreativo.es\/en\/portfolio\/diseno-grafico\/\">\n            <noscript><img loading=\"lazy\" decoding=\"async\" width=\"1280\" height=\"1280\" src=\"https:\/\/kaoscreativo.es\/wp-content\/uploads\/2023\/01\/diseno.webp\" class=\"wp-image-949\" alt=\"\" srcset=\"https:\/\/kaoscreativo.es\/wp-content\/uploads\/2023\/01\/diseno.webp 1280w, https:\/\/kaoscreativo.es\/wp-content\/uploads\/2023\/01\/diseno-300x300.webp 300w, https:\/\/kaoscreativo.es\/wp-content\/uploads\/2023\/01\/diseno-1024x1024.webp 1024w, https:\/\/kaoscreativo.es\/wp-content\/uploads\/2023\/01\/diseno-150x150.webp 150w, https:\/\/kaoscreativo.es\/wp-content\/uploads\/2023\/01\/diseno-768x768.webp 768w, https:\/\/kaoscreativo.es\/wp-content\/uploads\/2023\/01\/diseno-500x500.webp 500w, https:\/\/kaoscreativo.es\/wp-content\/uploads\/2023\/01\/diseno-800x800.webp 800w, https:\/\/kaoscreativo.es\/wp-content\/uploads\/2023\/01\/diseno-100x100.webp 100w\" sizes=\"(max-width: 1280px) 100vw, 1280px\" \/><\/noscript><img decoding=\"async\" width=\"1280\" height=\"1280\" src=\"https:\/\/kaoscreativo.es\/wp-content\/uploads\/2023\/01\/diseno.webp\" class=\"wp-image-949 vp-lazyload\" alt srcset=\"data:image\/svg+xml;base64,PHN2ZyB3aWR0aD0iMTI4MCIgaGVpZ2h0PSIxMjgwIiB2aWV3Qm94PSIwIDAgMTI4MCAxMjgwIiBmaWxsPSJub25lIiB4bWxucz0iaHR0cDovL3d3dy53My5vcmcvMjAwMC9zdmciPjwvc3ZnPg==\" data-src=\"https:\/\/kaoscreativo.es\/wp-content\/uploads\/2023\/01\/diseno.webp\" data-srcset=\"https:\/\/kaoscreativo.es\/wp-content\/uploads\/2023\/01\/diseno.webp 1280w, https:\/\/kaoscreativo.es\/wp-content\/uploads\/2023\/01\/diseno-300x300.webp 300w, https:\/\/kaoscreativo.es\/wp-content\/uploads\/2023\/01\/diseno-1024x1024.webp 1024w, https:\/\/kaoscreativo.es\/wp-content\/uploads\/2023\/01\/diseno-150x150.webp 150w, https:\/\/kaoscreativo.es\/wp-content\/uploads\/2023\/01\/diseno-768x768.webp 768w, https:\/\/kaoscreativo.es\/wp-content\/uploads\/2023\/01\/diseno-500x500.webp 500w, https:\/\/kaoscreativo.es\/wp-content\/uploads\/2023\/01\/diseno-800x800.webp 800w, https:\/\/kaoscreativo.es\/wp-content\/uploads\/2023\/01\/diseno-100x100.webp 100w\" data-sizes=\"auto\" loading=\"eager\">        <\/a>\n\n        \n    <\/div>\n<\/div>\n\n\t<a\n\t\thref=\"https:\/\/kaoscreativo.es\/en\/portfolio\/diseno-grafico\/\"\n\t\ttabindex=\"-1\" class=\"vp-portfolio__item-overlay\" \t>\n\t<div class=\"vp-portfolio__item-meta\">\n\n    \n<h2 class=\"vp-portfolio__item-meta-title\">\n\tDise\u00f1o Gr\u00e1fico<\/h2>\n\n<\/div>\n<\/a>\n\n\n <\/article>\n\t\t\t<\/figure>\n\t\t\t\t\t<\/article>\n\t\t\n\t\t<article\t\tclass=\"vp-portfolio__item-wrap post-94 portfolio type-portfolio status-publish format-standard has-post-thumbnail hentry vp-portfolio__item-uid-cd2cb3b2\" data-vp-filter=\"\" \t\t>\n\t\t\t\t\t\t\t\t\t<figure class=\"vp-portfolio__item\">\n\t\t\t\t\n<article class=\"bernd-item-style-fade post-94 portfolio type-portfolio status-publish format-standard has-post-thumbnail hentry\">\n\n<div class=\"vp-portfolio__item-img-wrap\">\n    \n    <div class=\"vp-portfolio__item-img\">\n        \n    \n        <a href=\"https:\/\/kaoscreativo.es\/en\/portfolio\/diseno-3d\/\">\n            <noscript><img loading=\"lazy\" decoding=\"async\" width=\"1280\" height=\"1280\" src=\"https:\/\/kaoscreativo.es\/wp-content\/uploads\/2023\/01\/3d.webp\" class=\"wp-image-950\" alt=\"\" srcset=\"https:\/\/kaoscreativo.es\/wp-content\/uploads\/2023\/01\/3d.webp 1280w, https:\/\/kaoscreativo.es\/wp-content\/uploads\/2023\/01\/3d-300x300.webp 300w, https:\/\/kaoscreativo.es\/wp-content\/uploads\/2023\/01\/3d-1024x1024.webp 1024w, https:\/\/kaoscreativo.es\/wp-content\/uploads\/2023\/01\/3d-150x150.webp 150w, https:\/\/kaoscreativo.es\/wp-content\/uploads\/2023\/01\/3d-768x768.webp 768w, https:\/\/kaoscreativo.es\/wp-content\/uploads\/2023\/01\/3d-500x500.webp 500w, https:\/\/kaoscreativo.es\/wp-content\/uploads\/2023\/01\/3d-800x800.webp 800w, https:\/\/kaoscreativo.es\/wp-content\/uploads\/2023\/01\/3d-100x100.webp 100w\" sizes=\"(max-width: 1280px) 100vw, 1280px\" \/><\/noscript><img decoding=\"async\" width=\"1280\" height=\"1280\" src=\"https:\/\/kaoscreativo.es\/wp-content\/uploads\/2023\/01\/3d.webp\" class=\"wp-image-950 vp-lazyload\" alt srcset=\"data:image\/svg+xml;base64,PHN2ZyB3aWR0aD0iMTI4MCIgaGVpZ2h0PSIxMjgwIiB2aWV3Qm94PSIwIDAgMTI4MCAxMjgwIiBmaWxsPSJub25lIiB4bWxucz0iaHR0cDovL3d3dy53My5vcmcvMjAwMC9zdmciPjwvc3ZnPg==\" data-src=\"https:\/\/kaoscreativo.es\/wp-content\/uploads\/2023\/01\/3d.webp\" data-srcset=\"https:\/\/kaoscreativo.es\/wp-content\/uploads\/2023\/01\/3d.webp 1280w, https:\/\/kaoscreativo.es\/wp-content\/uploads\/2023\/01\/3d-300x300.webp 300w, https:\/\/kaoscreativo.es\/wp-content\/uploads\/2023\/01\/3d-1024x1024.webp 1024w, https:\/\/kaoscreativo.es\/wp-content\/uploads\/2023\/01\/3d-150x150.webp 150w, https:\/\/kaoscreativo.es\/wp-content\/uploads\/2023\/01\/3d-768x768.webp 768w, https:\/\/kaoscreativo.es\/wp-content\/uploads\/2023\/01\/3d-500x500.webp 500w, https:\/\/kaoscreativo.es\/wp-content\/uploads\/2023\/01\/3d-800x800.webp 800w, https:\/\/kaoscreativo.es\/wp-content\/uploads\/2023\/01\/3d-100x100.webp 100w\" data-sizes=\"auto\" loading=\"eager\">        <\/a>\n\n        \n    <\/div>\n<\/div>\n\n\t<a\n\t\thref=\"https:\/\/kaoscreativo.es\/en\/portfolio\/diseno-3d\/\"\n\t\ttabindex=\"-1\" class=\"vp-portfolio__item-overlay\" \t>\n\t<div class=\"vp-portfolio__item-meta\">\n\n    \n<h2 class=\"vp-portfolio__item-meta-title\">\n\t3D design<\/h2>\n\n<\/div>\n<\/a>\n\n\n <\/article>\n\t\t\t<\/figure>\n\t\t\t\t\t<\/article>\n\t\t\n<\/div>\n\t\t<\/div>\n\t\t\n<\/div>\n\t\t\t\t\t<\/div>\n\t\t\t\t\t\t<\/div>\n\t\t\t\t<\/div>\n\t\t\t\t<\/div>\n\t\t\t\t\t<\/div>\n\t\t\t\t<\/div>\n\t\t\t\t<\/div>","protected":false},"excerpt":{"rendered":"<p>Servicios Nuestros servicios est\u00e1n dise\u00f1ados para satisfacer tus necesidades con un enfoque \u00fanico y una atenci\u00f3n excepcional.<\/p>","protected":false},"author":2,"featured_media":0,"parent":0,"menu_order":0,"comment_status":"closed","ping_status":"closed","template":"template-page.php","meta":{"_acf_changed":false,"_vp_format_video_url":"","_vp_image_focal_point":[],"footnotes":""},"class_list":["post-152","page","type-page","status-publish","hentry"],"acf":[],"yoast_head":"<!-- This site is optimized with the Yoast SEO plugin v25.3 - https:\/\/yoast.com\/wordpress\/plugins\/seo\/ -->\n<title>Servicios - Kaos<\/title>\n<meta name=\"robots\" content=\"index, follow, max-snippet:-1, max-image-preview:large, max-video-preview:-1\" \/>\n<link rel=\"canonical\" href=\"https:\/\/kaoscreativo.es\/en\/servicios\/\" \/>\n<meta property=\"og:locale\" content=\"en_US\" \/>\n<meta property=\"og:type\" content=\"article\" \/>\n<meta property=\"og:title\" content=\"Servicios - Kaos\" \/>\n<meta property=\"og:description\" content=\"Servicios Nuestros servicios est\u00e1n dise\u00f1ados para satisfacer tus necesidades con un enfoque \u00fanico y una atenci\u00f3n excepcional.\" \/>\n<meta property=\"og:url\" content=\"https:\/\/kaoscreativo.es\/en\/servicios\/\" \/>\n<meta property=\"og:site_name\" content=\"Kaos\" \/>\n<meta property=\"article:modified_time\" content=\"2024-04-11T19:47:16+00:00\" \/>\n<meta name=\"twitter:card\" content=\"summary_large_image\" \/>\n<script type=\"application\/ld+json\" class=\"yoast-schema-graph\">{\"@context\":\"https:\/\/schema.org\",\"@graph\":[{\"@type\":\"WebPage\",\"@id\":\"https:\/\/kaoscreativo.es\/servicios\/\",\"url\":\"https:\/\/kaoscreativo.es\/servicios\/\",\"name\":\"Servicios - Kaos\",\"isPartOf\":{\"@id\":\"https:\/\/kaoscreativo.es\/#website\"},\"datePublished\":\"2023-01-20T10:24:57+00:00\",\"dateModified\":\"2024-04-11T19:47:16+00:00\",\"breadcrumb\":{\"@id\":\"https:\/\/kaoscreativo.es\/servicios\/#breadcrumb\"},\"inLanguage\":\"en-US\",\"potentialAction\":[{\"@type\":\"ReadAction\",\"target\":[\"https:\/\/kaoscreativo.es\/servicios\/\"]}]},{\"@type\":\"BreadcrumbList\",\"@id\":\"https:\/\/kaoscreativo.es\/servicios\/#breadcrumb\",\"itemListElement\":[{\"@type\":\"ListItem\",\"position\":1,\"name\":\"Portada\",\"item\":\"https:\/\/kaoscreativo.es\/\"},{\"@type\":\"ListItem\",\"position\":2,\"name\":\"Servicios\"}]},{\"@type\":\"WebSite\",\"@id\":\"https:\/\/kaoscreativo.es\/#website\",\"url\":\"https:\/\/kaoscreativo.es\/\",\"name\":\"Kaos\",\"description\":\"\",\"potentialAction\":[{\"@type\":\"SearchAction\",\"target\":{\"@type\":\"EntryPoint\",\"urlTemplate\":\"https:\/\/kaoscreativo.es\/?s={search_term_string}\"},\"query-input\":{\"@type\":\"PropertyValueSpecification\",\"valueRequired\":true,\"valueName\":\"search_term_string\"}}],\"inLanguage\":\"en-US\"}]}<\/script>\n<!-- \/ Yoast SEO plugin. -->","yoast_head_json":{"title":"Servicios - Kaos","robots":{"index":"index","follow":"follow","max-snippet":"max-snippet:-1","max-image-preview":"max-image-preview:large","max-video-preview":"max-video-preview:-1"},"canonical":"https:\/\/kaoscreativo.es\/en\/servicios\/","og_locale":"en_US","og_type":"article","og_title":"Servicios - Kaos","og_description":"Servicios Nuestros servicios est\u00e1n dise\u00f1ados para satisfacer tus necesidades con un enfoque \u00fanico y una atenci\u00f3n excepcional.","og_url":"https:\/\/kaoscreativo.es\/en\/servicios\/","og_site_name":"Kaos","article_modified_time":"2024-04-11T19:47:16+00:00","twitter_card":"summary_large_image","schema":{"@context":"https:\/\/schema.org","@graph":[{"@type":"WebPage","@id":"https:\/\/kaoscreativo.es\/servicios\/","url":"https:\/\/kaoscreativo.es\/servicios\/","name":"Servicios - Kaos","isPartOf":{"@id":"https:\/\/kaoscreativo.es\/#website"},"datePublished":"2023-01-20T10:24:57+00:00","dateModified":"2024-04-11T19:47:16+00:00","breadcrumb":{"@id":"https:\/\/kaoscreativo.es\/servicios\/#breadcrumb"},"inLanguage":"en-US","potentialAction":[{"@type":"ReadAction","target":["https:\/\/kaoscreativo.es\/servicios\/"]}]},{"@type":"BreadcrumbList","@id":"https:\/\/kaoscreativo.es\/servicios\/#breadcrumb","itemListElement":[{"@type":"ListItem","position":1,"name":"Portada","item":"https:\/\/kaoscreativo.es\/"},{"@type":"ListItem","position":2,"name":"Servicios"}]},{"@type":"WebSite","@id":"https:\/\/kaoscreativo.es\/#website","url":"https:\/\/kaoscreativo.es\/","name":"Kaos","description":"","potentialAction":[{"@type":"SearchAction","target":{"@type":"EntryPoint","urlTemplate":"https:\/\/kaoscreativo.es\/?s={search_term_string}"},"query-input":{"@type":"PropertyValueSpecification","valueRequired":true,"valueName":"search_term_string"}}],"inLanguage":"en-US"}]}},"_links":{"self":[{"href":"https:\/\/kaoscreativo.es\/en\/wp-json\/wp\/v2\/pages\/152","targetHints":{"allow":["GET"]}}],"collection":[{"href":"https:\/\/kaoscreativo.es\/en\/wp-json\/wp\/v2\/pages"}],"about":[{"href":"https:\/\/kaoscreativo.es\/en\/wp-json\/wp\/v2\/types\/page"}],"author":[{"embeddable":true,"href":"https:\/\/kaoscreativo.es\/en\/wp-json\/wp\/v2\/users\/2"}],"replies":[{"embeddable":true,"href":"https:\/\/kaoscreativo.es\/en\/wp-json\/wp\/v2\/comments?post=152"}],"version-history":[{"count":13,"href":"https:\/\/kaoscreativo.es\/en\/wp-json\/wp\/v2\/pages\/152\/revisions"}],"predecessor-version":[{"id":1179,"href":"https:\/\/kaoscreativo.es\/en\/wp-json\/wp\/v2\/pages\/152\/revisions\/1179"}],"wp:attachment":[{"href":"https:\/\/kaoscreativo.es\/en\/wp-json\/wp\/v2\/media?parent=152"}],"curies":[{"name":"wp","href":"https:\/\/api.w.org\/{rel}","templated":true}]}}