{"id":1389,"date":"2024-10-29T21:24:02","date_gmt":"2024-10-29T20:24:02","guid":{"rendered":"https:\/\/kaoscreativo.es\/?page_id=1389"},"modified":"2024-10-29T21:24:03","modified_gmt":"2024-10-29T20:24:03","slug":"terminos-del-servicio","status":"publish","type":"page","link":"https:\/\/kaoscreativo.es\/en\/terminos-del-servicio\/","title":{"rendered":"T\u00e9rminos del servicio"},"content":{"rendered":"<p>Este sitio web es operado por KAOS. Las presentes condiciones generales se aplican, sin<br>restricci\u00f3n ni reserva alguna, a las ventas realizadas por KAOS a los clientes que adquieran los<br>productos puestos a la venta a trav\u00e9s de la p\u00e1gina Web.<br>La validaci\u00f3n del pedido por el cliente supone la aceptaci\u00f3n sin reservas de las presentes<br>condiciones generales de venta. En caso de ser modificadas estas condiciones generales de<br>venta ser\u00e1n vinculantes para todas las compras realizadas con posterioridad a su publicaci\u00f3n<br>en el sitio Web.<br>Al visitar nuestra web y\/o comprar alguno de nuestros productos acepta regirse por los<br>siguientes T\u00e9rminos y Condiciones, incluidos los t\u00e9rminos y condiciones y pol\u00edticas adicionales<br>mencionados en este documento y \/ o disponible por hiperv\u00ednculo. Estos T\u00e9rminos de servicio<br>se aplican a todos los usuarios del sitio.<br>Lea estos T\u00e9rminos de servicio detenidamente antes de acceder o utilizar nuestro sitio web. Al<br>acceder o usar cualquier parte del sitio, acepta estar sujeto a estos T\u00e9rminos y Condiciones. Si<br>no est\u00e1 de acuerdo con todos los t\u00e9rminos y condiciones de este documento, no podr\u00e1 acceder<br>al sitio web ni utilizar ning\u00fan servicio.<br>Cualquier nueva funci\u00f3n o herramienta que se agregue a la tienda actual tambi\u00e9n estar\u00e1 sujeta<br>a los siguientes T\u00e9rminos y Condiciones. Puede revisar la versi\u00f3n m\u00e1s actualizada de los<br>T\u00e9rminos de servicio en cualquier momento en esta p\u00e1gina. Nos reservamos el derecho de<br>actualizar, cambiar o reemplazar cualquier parte de estos T\u00e9rminos y Condiciones mediante la<br>publicaci\u00f3n de actualizaciones y \/ o cambios en nuestro sitio web. Es su responsabilidad revisar<br>esta p\u00e1gina peri\u00f3dicamente para ver si hay cambios. Su uso contin\u00fao o acceso al sitio web<br>despu\u00e9s de la publicaci\u00f3n de cualquier cambio constituye la aceptaci\u00f3n de dichos cambios.<br>1 &#8211; Uso de la Web<br>Al aceptar estos T\u00e9rminos y Condiciones, usted declara que se encuentra en su mayor\u00eda de<br>edad y, por ende, puede hacer uso de nuestra p\u00e1gina web, o, por el contrario, se encuentra en<br>su mayor\u00eda de edad y autoriza a cualquier menor a su cargo a hacer uso de ella.<br>No puede usar nuestros productos para ning\u00fan prop\u00f3sito ilegal o no autorizado, ni puede<br>violar las leyes de su jurisdicci\u00f3n (incluidas, entre otras, las leyes de derechos de autor).<br>Un incumplimiento o violaci\u00f3n de cualquiera de los T\u00e9rminos resultar\u00e1 en la terminaci\u00f3n<br>inmediata de sus Servicios.<\/p>\n\n\n\n<p>2 Condiciones generales<br>Nos reservamos el derecho a rechazar el servicio a cualquier persona por cualquier motivo y en<br>cualquier momento.<br>Usted comprende que su contenido (sin incluir la informaci\u00f3n de la tarjeta de cr\u00e9dito) puede<br>transferirse sin cifrar e implicar (a) transmisiones a trav\u00e9s de varias redes; y (b) cambios para<br>ajustarse y adaptarse a los requisitos t\u00e9cnicos de conexi\u00f3n de redes o dispositivos. La<br>informaci\u00f3n de la tarjeta de cr\u00e9dito siempre ser\u00e1 cifrada si ha de transferirse a trav\u00e9s de redes.<br>Usted acepta no reproducir, duplicar, copiar, vender, revender o explotar cualquier parte del<br>Servicio, uso del Servicio o acceso al Servicio o cualquier contacto en el sitio web a trav\u00e9s del<br>cual se brinda el servicio, sin nuestro permiso expreso por escrito.<\/p>\n\n\n\n<p>3 &#8211; Exactitud, integridad y actualidad de la informaci\u00f3n<br>No somos responsables de que la informaci\u00f3n disponible en este sitio no sea precisa, completa<br>o actual. El material de este sitio se proporciona solo para informaci\u00f3n general y no se debe<br>recaer en \u00e9l ni utilizarse como la \u00fanica base para tomar decisiones sin consultar fuentes de<br>informaci\u00f3n primarias, m\u00e1s precisas, m\u00e1s completas o m\u00e1s oportunas.<br>Este sitio puede contener cierta informaci\u00f3n hist\u00f3rica. La informaci\u00f3n hist\u00f3rica,<br>necesariamente, no es actual y se proporciona solo para su referencia. Nos reservamos el<br>derecho de modificar el contenido de este sitio en cualquier momento, pero no tenemos la<br>obligaci\u00f3n de actualizar ninguna informaci\u00f3n en nuestro sitio. Acepta que es su<br>responsabilidad monitorear los cambios en nuestro sitio web.<br>4 &#8211; Modificaciones en el servicio y precios<br>Los precios de nuestros productos est\u00e1n sujetos a cambios sin previo aviso. Nos reservamos el<br>derecho en cualquier momento de modificar o interrumpir el Servicio (o cualquier parte o<br>contenido del mismo) sin previo aviso en cualquier momento.<br>No seremos responsables ante usted ni ante ning\u00fan tercero por ninguna modificaci\u00f3n, cambio<br>de precio, suspensi\u00f3n o interrupci\u00f3n del Servicio.<br>Los precios de los productos siempre se muestran en \u20ac y no incluyen gastos de env\u00edo.<\/p>\n\n\n\n<p>5 &#8211; Productos<br>Todos los productos son nuevos, y van presentados en su embalaje o precinto original. El color<br>de todos los productos se puede visualizar en la imagen del producto. Debido a la visualizaci\u00f3n<br>del color en el monitor y dependiendo de los ajustes del mismo pueden existir variaciones de<br>color con respecto a la realidad. No podremos aceptar cambios o devoluciones debido a que el<br>color no sea exactamente el mismo que se esperaba. Por favor, para m\u00e1s informaci\u00f3n sobre<br>este aspecto revise nuestra p\u00e1gina Env\u00edos y Devoluciones.<br>Al tratarse de productos elaborados totalmente a mano, no podemos garantizar la exactitud ni<br>precisi\u00f3n en nuestros productos, por lo que algunos de ellos podr\u00e1n presentar variaciones o<br>errores que se producen en su fabricaci\u00f3n. Habiendo advertido lo anterior, el cliente no podr\u00e1<br>exigir la devoluci\u00f3n de los productos si estos presentan variaciones o inexactitudes.<br>Nos reservamos el derecho, pero no estamos obligados, a limitar las ventas de nuestros<br>productos o servicios a cualquier persona, regi\u00f3n geogr\u00e1fica o jurisdicci\u00f3n. As\u00ed mismo, nos<br>reservamos el derecho de limitar las cantidades de cualquier producto o servicio que<br>ofrecemos. Todas las descripciones de productos o precios de productos est\u00e1n sujetos a<br>cambios en cualquier momento sin previo aviso, a nuestra entera discreci\u00f3n. Nos reservamos<br>el derecho de cesar cualquier producto en cualquier momento.<br>No garantizamos que la calidad de cualquier producto, servicio, informaci\u00f3n u otro material<br>comprado u obtenido por usted cumpla con sus expectativas, o que cualquier error en el<br>Servicio ser\u00e1 corregido.<br>6 &#8211; Precisi\u00f3n de la facturaci\u00f3n y la informaci\u00f3n de la cuenta<br>Nos reservamos el derecho a rechazar cualquier pedido que realice con nosotros. Podemos, a<br>nuestro exclusivo criterio, limitar o cancelar las cantidades compradas por persona, por hogar<br>o por pedido. Estas restricciones pueden incluir pedidos realizados por o bajo la misma cuenta<br>de cliente, la misma tarjeta de cr\u00e9dito y \/ o pedidos que utilizan la misma direcci\u00f3n de<br>facturaci\u00f3n y \/ o env\u00edo. En el caso de que hagamos un cambio o cancelemos un pedido,<br>podemos intentar notificarlo poni\u00e9ndonos en contacto con el correo electr\u00f3nico y \/ o la<br>direcci\u00f3n de facturaci\u00f3n \/ n\u00famero de tel\u00e9fono proporcionado en el momento en que se realiz\u00f3<br>el pedido. Nos reservamos el derecho de limitar o prohibir los pedidos que, a nuestro exclusivo<br>criterio, parecen ser realizados por concesionarios, revendedores o distribuidores.<br>Usted acepta proporcionar informaci\u00f3n de compra y cuenta actual, completa y precisa para<br>todas las compras realizadas en nuestra tienda. Usted acepta actualizar de inmediato su cuenta<br>y otra informaci\u00f3n, incluida su direcci\u00f3n de correo electr\u00f3nico, n\u00fameros de tarjeta de cr\u00e9dito y<br>fechas de vencimiento, para que podamos completar sus transacciones y comunicarnos con<br>usted seg\u00fan sea necesario.<br>7 &#8211; Enlaces de terceros<br>Cierto contenido, productos y servicios disponibles a trav\u00e9s de nuestro Servicio pueden incluir<br>materiales de terceros.<br>Los enlaces de terceros en este sitio pueden dirigirlo a sitios web de terceros que no est\u00e1n<br>afiliados a nosotros. No somos responsables de examinar o evaluar el contenido o la precisi\u00f3n<br>y no garantizamos ni tendremos ninguna obligaci\u00f3n o responsabilidad por los materiales o<br>sitios web de terceros, o por cualquier otro material, producto o servicio de terceros.<br>No somos responsables de ning\u00fan da\u00f1o o perjuicio relacionado con la compra o uso de bienes,<br>servicios, recursos, contenido o cualquier otra transacci\u00f3n realizada en relaci\u00f3n con sitios web<br>de terceros. Revise cuidadosamente las pol\u00edticas y pr\u00e1cticas de los terceros y aseg\u00farese de<br>comprenderlas antes de realizar cualquier transacci\u00f3n. Las quejas, reclamos, inquietudes o<br>preguntas sobre productos de terceros deben dirigirse al tercero.<br>8 &#8211; Errores, inexactitudes u omisiones<br>Ocasionalmente, puede haber informaci\u00f3n en nuestro sitio web o en el Servicio que contenga<br>errores tipogr\u00e1ficos, inexactitudes u omisiones que puedan estar relacionadas con<br>descripciones de productos, precios, promociones, ofertas, cargos de env\u00edo de productos,<br>tiempos de tr\u00e1nsito y disponibilidad. Nos reservamos el derecho de corregir cualquier error,<br>inexactitud u omisi\u00f3n, y de cambiar o actualizar la informaci\u00f3n o cancelar pedidos si alguna<br>informaci\u00f3n en el Servicio o en cualquier sitio web relacionado es inexacta en cualquier<br>momento sin previo aviso (incluso despu\u00e9s de que se haya enviado su pedido).<br>No asumimos ninguna obligaci\u00f3n de actualizar, enmendar o aclarar la informaci\u00f3n en el<br>Servicio o en cualquier sitio web relacionado, incluida, entre otros, la informaci\u00f3n de precios,<br>excepto seg\u00fan lo requiera la ley. No se debe tomar ninguna actualizaci\u00f3n espec\u00edfica o fecha de<br>actualizaci\u00f3n aplicada en el Servicio o en cualquier sitio web relacionado para indicar que toda<br>la informaci\u00f3n en el Servicio o en cualquier sitio web relacionado se ha modificado o<br>actualizado.<br>9 &#8211; Pedidos<\/p>\n\n\n\n<p>Siguiendo con el punto anterior, no podr\u00e1 cancelar ning\u00fan pedido si \u00e9ste ya ha sido enviado.<br>Para m\u00e1s informaci\u00f3n consulte nuestra p\u00e1gina de Env\u00edos y Devoluciones.<br>Para m\u00e1s informaci\u00f3n sobre pedidos, por favor consulte nuestra p\u00e1gina Env\u00edos y Devoluciones.<br>10 &#8211; Indemnizaci\u00f3n<br>Usted acepta indemnizar, defender y eximir de responsabilidad a KAOS, indemne de cualquier<br>reclamo o demanda, incluyendo honorarios razonables de abogados, hechos por cualquier<br>tercero debido a o como resultado de su incumplimiento de estos T\u00e9rminos Y Condiciones o los<br>documentos que incorporan por referencia, o su violaci\u00f3n de cualquier ley o los derechos de<br>un tercero.<br>Estos T\u00e9rminos y Condiciones est\u00e1n sujetos a modificaciones y no se garantiza que est\u00e9n<br>actualizados en todo momento.<br>Por favor, si desea m\u00e1s informaci\u00f3n o tiene alguna duda sobre nuestros T\u00e9rminos y<br>Condiciones no dude en ponerse en contacto con nosotros a trav\u00e9s de nuestro correo<br>electr\u00f3nico info@kaoscreativo.es, y ser\u00e1 atendido lo antes posible<\/p>\n\n\n\n<p>Al realizar un pedido se le enviar\u00e1 un e-mail haci\u00e9ndole saber que hemos recibido su orden<br>de pedido. Tenga en cuenta que eso no significa que su pedido haya sido aceptado, pues como<br>hemos mencionado en clausulas anteriores, nos reservamos el derecho de aceptar o rechazar<br>cualquier pedido en cualquier momento. Si su pedido ha sido aceptado recibir\u00e1 un e-mail que<br>confirme que su pedido est\u00e1 siendo procesado.<\/p>\n\n\n\n<p>Cada pedido tiene un tiempo de preparaci\u00f3n de entre 2-5 d\u00edas laborables. Al tratarse de<br>productos hechos a mano puede ser que el tiempo de preparaci\u00f3n var\u00ede, pudiendo<br>alargarse, por lo que en caso de que esto pasara se le notificar\u00e1 mediante el e-mail que nos ha<br>proporcionado.<\/p>\n\n\n\n<p>Trabajamos los pedidos de Lunes &#8211; S\u00e1bado (salvo festivos), por lo que los pedidos recibidos en<br>Domingo y festivos no ser\u00e1n procesados hasta el inmediato laboral siguiente.<\/p>\n\n\n\n<p>Realizamos el env\u00edo de los pedidos los Lunes, Mi\u00e9rcoles y Viernes. Esto quiere decir que, si<br>usted ha realizado su pedido entre Mi\u00e9rcoles, no le ser\u00e1 enviado hasta el Viernes, o, en el caso<br>de que \u00e9ste fuera festivo, hasta el inmediato laboral siguiente. Como hemos detallado en<br>puntos anteriores, cada pedido tiene un tiempo de preparaci\u00f3n, por lo que no se puede enviar<br>los pedidos de inmediato, a no ser que los productos que usted haya solicitado est\u00e9n en Stock,<br>es decir, est\u00e9n ya hechos y listos para su env\u00edo.<\/p>\n\n\n\n<p>Siguiendo con lo anterior, los productos que est\u00e9n en Stock, tienen un tiempo de<br>preparaci\u00f3n de 1 d\u00eda laboral. Esto quiere decir que su pedido podr\u00e1 ser procesado<br>inmediatamente despu\u00e9s de haber recibido la orden de pedido, siempre y cuando \u00e9sta se haya<br>hecho en un d\u00eda laboral. Sin embargo, pueden surgir inconvenientes, por lo que, en el caso de<br>no poder procesar su pedido inmediatamente despu\u00e9s de haber recibido la orden, se notificar\u00e1<br>mediante un e-mail a la direcci\u00f3n que nos haya proporcionado.<\/p>\n\n\n\n<p>No procederemos a completar su pedido hasta que el pago haya sido completado y<br>confirmado. Para m\u00e1s informaci\u00f3n sobre el tiempo de env\u00edo de su pedido consulte nuestra<br>p\u00e1gina de Env\u00edos y Devoluciones.<\/p>\n\n\n\n<p>Una vez que su pedido haya sido enviado, recibir\u00e1 una notificaci\u00f3n mediante e-mail, el cual<br>incluir\u00e1 el N\u00famero de seguimiento de su pedido.<br>-Si comete alg\u00fan error al realizar su pedido, podr\u00e1 modificarlo envi\u00e1ndonos un e-mail a la<br>siguiente direcci\u00f3n: info@kaoscreativo.es, siempre y cuando no haya recibido el correo de<br>\u00abPedido Enviado\u00bb, pues en ese caso no aceptaremos ninguna modificaci\u00f3n o cancelaci\u00f3n. Las<br>modificaciones que se aceptan son aquellas relacionadas con la informaci\u00f3n de facturaci\u00f3n y<br>nunca aquellas que se relacionen con alterar las cantidades de los productos solicitados, o la<br>agregaci\u00f3n de otros productos a sus pedidos. Para ello tendr\u00e1 que volver a realizar otro pedido<br>distinto a trav\u00e9s de nuestra p\u00e1gina web.<\/p>","protected":false},"excerpt":{"rendered":"<p>Este sitio web es operado por KAOS. Las presentes condiciones generales se aplican, sinrestricci\u00f3n ni reserva alguna, a las ventas realizadas por KAOS a los clientes que adquieran losproductos puestos a la venta a trav\u00e9s de la p\u00e1gina Web.La validaci\u00f3n del pedido por el cliente supone la aceptaci\u00f3n sin reservas de las presentescondiciones generales de venta. En caso de ser modificadas estas condiciones generales deventa ser\u00e1n vinculantes para todas las<\/p>\n<div class=\"post-button\">\n\t\t\t\t   <a href=\"https:\/\/kaoscreativo.es\/en\/terminos-del-servicio\/\">Read More<\/a>\n\t\t\t\t<\/div>","protected":false},"author":2,"featured_media":0,"parent":0,"menu_order":0,"comment_status":"closed","ping_status":"closed","template":"","meta":{"_acf_changed":false,"_vp_format_video_url":"","_vp_image_focal_point":[],"footnotes":""},"class_list":["post-1389","page","type-page","status-publish","hentry"],"acf":[],"yoast_head":"<!-- This site is optimized with the Yoast SEO plugin v25.3 - https:\/\/yoast.com\/wordpress\/plugins\/seo\/ -->\n<title>T\u00e9rminos del servicio - Kaos<\/title>\n<meta name=\"robots\" content=\"index, follow, max-snippet:-1, max-image-preview:large, max-video-preview:-1\" \/>\n<link rel=\"canonical\" href=\"https:\/\/kaoscreativo.es\/en\/terminos-del-servicio\/\" \/>\n<meta property=\"og:locale\" content=\"en_US\" \/>\n<meta property=\"og:type\" content=\"article\" \/>\n<meta property=\"og:title\" content=\"T\u00e9rminos del servicio - Kaos\" \/>\n<meta property=\"og:description\" content=\"Este sitio web es operado por KAOS. Las presentes condiciones generales se aplican, sinrestricci\u00f3n ni reserva alguna, a las ventas realizadas por KAOS a los clientes que adquieran losproductos puestos a la venta a trav\u00e9s de la p\u00e1gina Web.La validaci\u00f3n del pedido por el cliente supone la aceptaci\u00f3n sin reservas de las presentescondiciones generales de venta. En caso de ser modificadas estas condiciones generales deventa ser\u00e1n vinculantes para todas las     Read More\" \/>\n<meta property=\"og:url\" content=\"https:\/\/kaoscreativo.es\/en\/terminos-del-servicio\/\" \/>\n<meta property=\"og:site_name\" content=\"Kaos\" \/>\n<meta property=\"article:modified_time\" content=\"2024-10-29T20:24:03+00:00\" \/>\n<meta name=\"twitter:card\" content=\"summary_large_image\" \/>\n<meta name=\"twitter:label1\" content=\"Est. reading time\" \/>\n\t<meta name=\"twitter:data1\" content=\"10 minutes\" \/>\n<script type=\"application\/ld+json\" class=\"yoast-schema-graph\">{\"@context\":\"https:\/\/schema.org\",\"@graph\":[{\"@type\":\"WebPage\",\"@id\":\"https:\/\/kaoscreativo.es\/terminos-del-servicio\/\",\"url\":\"https:\/\/kaoscreativo.es\/terminos-del-servicio\/\",\"name\":\"T\u00e9rminos del servicio - Kaos\",\"isPartOf\":{\"@id\":\"https:\/\/kaoscreativo.es\/#website\"},\"datePublished\":\"2024-10-29T20:24:02+00:00\",\"dateModified\":\"2024-10-29T20:24:03+00:00\",\"breadcrumb\":{\"@id\":\"https:\/\/kaoscreativo.es\/terminos-del-servicio\/#breadcrumb\"},\"inLanguage\":\"en-US\",\"potentialAction\":[{\"@type\":\"ReadAction\",\"target\":[\"https:\/\/kaoscreativo.es\/terminos-del-servicio\/\"]}]},{\"@type\":\"BreadcrumbList\",\"@id\":\"https:\/\/kaoscreativo.es\/terminos-del-servicio\/#breadcrumb\",\"itemListElement\":[{\"@type\":\"ListItem\",\"position\":1,\"name\":\"Portada\",\"item\":\"https:\/\/kaoscreativo.es\/\"},{\"@type\":\"ListItem\",\"position\":2,\"name\":\"T\u00e9rminos del servicio\"}]},{\"@type\":\"WebSite\",\"@id\":\"https:\/\/kaoscreativo.es\/#website\",\"url\":\"https:\/\/kaoscreativo.es\/\",\"name\":\"Kaos\",\"description\":\"\",\"potentialAction\":[{\"@type\":\"SearchAction\",\"target\":{\"@type\":\"EntryPoint\",\"urlTemplate\":\"https:\/\/kaoscreativo.es\/?s={search_term_string}\"},\"query-input\":{\"@type\":\"PropertyValueSpecification\",\"valueRequired\":true,\"valueName\":\"search_term_string\"}}],\"inLanguage\":\"en-US\"}]}<\/script>\n<!-- \/ Yoast SEO plugin. -->","yoast_head_json":{"title":"T\u00e9rminos del servicio - Kaos","robots":{"index":"index","follow":"follow","max-snippet":"max-snippet:-1","max-image-preview":"max-image-preview:large","max-video-preview":"max-video-preview:-1"},"canonical":"https:\/\/kaoscreativo.es\/en\/terminos-del-servicio\/","og_locale":"en_US","og_type":"article","og_title":"T\u00e9rminos del servicio - Kaos","og_description":"Este sitio web es operado por KAOS. Las presentes condiciones generales se aplican, sinrestricci\u00f3n ni reserva alguna, a las ventas realizadas por KAOS a los clientes que adquieran losproductos puestos a la venta a trav\u00e9s de la p\u00e1gina Web.La validaci\u00f3n del pedido por el cliente supone la aceptaci\u00f3n sin reservas de las presentescondiciones generales de venta. En caso de ser modificadas estas condiciones generales deventa ser\u00e1n vinculantes para todas las     Read More","og_url":"https:\/\/kaoscreativo.es\/en\/terminos-del-servicio\/","og_site_name":"Kaos","article_modified_time":"2024-10-29T20:24:03+00:00","twitter_card":"summary_large_image","twitter_misc":{"Est. reading time":"10 minutes"},"schema":{"@context":"https:\/\/schema.org","@graph":[{"@type":"WebPage","@id":"https:\/\/kaoscreativo.es\/terminos-del-servicio\/","url":"https:\/\/kaoscreativo.es\/terminos-del-servicio\/","name":"T\u00e9rminos del servicio - Kaos","isPartOf":{"@id":"https:\/\/kaoscreativo.es\/#website"},"datePublished":"2024-10-29T20:24:02+00:00","dateModified":"2024-10-29T20:24:03+00:00","breadcrumb":{"@id":"https:\/\/kaoscreativo.es\/terminos-del-servicio\/#breadcrumb"},"inLanguage":"en-US","potentialAction":[{"@type":"ReadAction","target":["https:\/\/kaoscreativo.es\/terminos-del-servicio\/"]}]},{"@type":"BreadcrumbList","@id":"https:\/\/kaoscreativo.es\/terminos-del-servicio\/#breadcrumb","itemListElement":[{"@type":"ListItem","position":1,"name":"Portada","item":"https:\/\/kaoscreativo.es\/"},{"@type":"ListItem","position":2,"name":"T\u00e9rminos del servicio"}]},{"@type":"WebSite","@id":"https:\/\/kaoscreativo.es\/#website","url":"https:\/\/kaoscreativo.es\/","name":"Kaos","description":"","potentialAction":[{"@type":"SearchAction","target":{"@type":"EntryPoint","urlTemplate":"https:\/\/kaoscreativo.es\/?s={search_term_string}"},"query-input":{"@type":"PropertyValueSpecification","valueRequired":true,"valueName":"search_term_string"}}],"inLanguage":"en-US"}]}},"_links":{"self":[{"href":"https:\/\/kaoscreativo.es\/en\/wp-json\/wp\/v2\/pages\/1389","targetHints":{"allow":["GET"]}}],"collection":[{"href":"https:\/\/kaoscreativo.es\/en\/wp-json\/wp\/v2\/pages"}],"about":[{"href":"https:\/\/kaoscreativo.es\/en\/wp-json\/wp\/v2\/types\/page"}],"author":[{"embeddable":true,"href":"https:\/\/kaoscreativo.es\/en\/wp-json\/wp\/v2\/users\/2"}],"replies":[{"embeddable":true,"href":"https:\/\/kaoscreativo.es\/en\/wp-json\/wp\/v2\/comments?post=1389"}],"version-history":[{"count":3,"href":"https:\/\/kaoscreativo.es\/en\/wp-json\/wp\/v2\/pages\/1389\/revisions"}],"predecessor-version":[{"id":1406,"href":"https:\/\/kaoscreativo.es\/en\/wp-json\/wp\/v2\/pages\/1389\/revisions\/1406"}],"wp:attachment":[{"href":"https:\/\/kaoscreativo.es\/en\/wp-json\/wp\/v2\/media?parent=1389"}],"curies":[{"name":"wp","href":"https:\/\/api.w.org\/{rel}","templated":true}]}}