{"id":131,"date":"2023-01-20T10:03:58","date_gmt":"2023-01-20T10:03:58","guid":{"rendered":"https:\/\/wordpress.mountainthemes.dev\/bernd\/?page_id=131"},"modified":"2024-04-11T19:22:21","modified_gmt":"2024-04-11T17:22:21","slug":"about-us","status":"publish","type":"page","link":"https:\/\/kaoscreativo.es\/en\/about-us\/","title":{"rendered":"About us"},"content":{"rendered":"<div data-elementor-type=\"wp-page\" data-elementor-id=\"131\" class=\"elementor elementor-131\" data-elementor-post-type=\"page\">\n\t\t\t\t<div class=\"elementor-element elementor-element-21553cd e-flex e-con-boxed e-con e-parent\" data-id=\"21553cd\" data-element_type=\"container\">\n\t\t\t\t\t<div class=\"e-con-inner\">\n\t\t<div class=\"elementor-element elementor-element-c83b964 e-flex e-con-boxed e-con e-child\" data-id=\"c83b964\" data-element_type=\"container\">\n\t\t\t\t\t<div class=\"e-con-inner\">\n\t\t\t\t<div class=\"elementor-element elementor-element-49c2536 elementor--h-position-center elementor--v-position-middle elementor-arrows-position-inside elementor-widget elementor-widget-slides\" data-id=\"49c2536\" data-element_type=\"widget\" data-settings=\"{&quot;navigation&quot;:&quot;arrows&quot;,&quot;autoplay&quot;:&quot;yes&quot;,&quot;pause_on_hover&quot;:&quot;yes&quot;,&quot;pause_on_interaction&quot;:&quot;yes&quot;,&quot;autoplay_speed&quot;:5000,&quot;infinite&quot;:&quot;yes&quot;,&quot;transition&quot;:&quot;slide&quot;,&quot;transition_speed&quot;:500}\" data-widget_type=\"slides.default\">\n\t\t\t\t<div class=\"elementor-widget-container\">\n\t\t\t\t\t\t\t\t\t<div class=\"elementor-swiper\">\n\t\t\t\t\t<div class=\"elementor-slides-wrapper elementor-main-swiper swiper\" role=\"region\" aria-roledescription=\"carousel\" aria-label=\"Slides\" dir=\"ltr\" data-animation=\"fadeInUp\">\n\t\t\t\t<div class=\"swiper-wrapper elementor-slides\">\n\t\t\t\t\t\t\t\t\t\t<div class=\"elementor-repeater-item-e4e85e4 swiper-slide\" role=\"group\" aria-roledescription=\"slide\"><div class=\"swiper-slide-bg elementor-ken-burns elementor-ken-burns--in\" role=\"img\"><\/div><div class=\"swiper-slide-inner\" ><div class=\"swiper-slide-contents\"><\/div><\/div><\/div><div class=\"elementor-repeater-item-fb59cef swiper-slide\" role=\"group\" aria-roledescription=\"slide\"><div class=\"swiper-slide-bg\" role=\"img\"><\/div><div class=\"swiper-slide-inner\" ><div class=\"swiper-slide-contents\"><\/div><\/div><\/div><div class=\"elementor-repeater-item-11f97ce swiper-slide\" role=\"group\" aria-roledescription=\"slide\"><div class=\"swiper-slide-bg\" role=\"img\"><\/div><div class=\"swiper-slide-inner\" ><div class=\"swiper-slide-contents\"><\/div><\/div><\/div>\t\t\t\t<\/div>\n\t\t\t\t\t\t\t\t\t\t\t\t\t\t\t<div class=\"elementor-swiper-button elementor-swiper-button-prev\" role=\"button\" tabindex=\"0\" aria-label=\"Previous slide\">\n\t\t\t\t\t\t\t<svg aria-hidden=\"true\" class=\"e-font-icon-svg e-eicon-chevron-left\" viewbox=\"0 0 1000 1000\" xmlns=\"http:\/\/www.w3.org\/2000\/svg\"><path d=\"M646 125C629 125 613 133 604 142L308 442C296 454 292 471 292 487 292 504 296 521 308 533L604 854C617 867 629 875 646 875 663 875 679 871 692 858 704 846 713 829 713 812 713 796 708 779 692 767L438 487 692 225C700 217 708 204 708 187 708 171 704 154 692 142 675 129 663 125 646 125Z\"><\/path><\/svg>\t\t\t\t\t\t<\/div>\n\t\t\t\t\t\t<div class=\"elementor-swiper-button elementor-swiper-button-next\" role=\"button\" tabindex=\"0\" aria-label=\"Next slide\">\n\t\t\t\t\t\t\t<svg aria-hidden=\"true\" class=\"e-font-icon-svg e-eicon-chevron-right\" viewbox=\"0 0 1000 1000\" xmlns=\"http:\/\/www.w3.org\/2000\/svg\"><path d=\"M696 533C708 521 713 504 713 487 713 471 708 454 696 446L400 146C388 133 375 125 354 125 338 125 325 129 313 142 300 154 292 171 292 187 292 204 296 221 308 233L563 492 304 771C292 783 288 800 288 817 288 833 296 850 308 863 321 871 338 875 354 875 371 875 388 867 400 854L696 533Z\"><\/path><\/svg>\t\t\t\t\t\t<\/div>\n\t\t\t\t\t\t\t\t\t\t\t\t\t\t\t\t\t<\/div>\n\t\t\t\t<\/div>\n\t\t\t\t\t\t\t\t<\/div>\n\t\t\t\t<\/div>\n\t\t\t\t\t<\/div>\n\t\t\t\t<\/div>\n\t\t<div class=\"elementor-element elementor-element-5618906 e-flex e-con-boxed e-con e-child\" data-id=\"5618906\" data-element_type=\"container\">\n\t\t\t\t\t<div class=\"e-con-inner\">\n\t\t\t\t<div class=\"elementor-element elementor-element-5f42272 elementor-widget elementor-widget-heading\" data-id=\"5f42272\" data-element_type=\"widget\" data-widget_type=\"heading.default\">\n\t\t\t\t<div class=\"elementor-widget-container\">\n\t\t\t\t\t<h2 class=\"elementor-heading-title elementor-size-default\">Who Are We?<\/h2>\t\t\t\t<\/div>\n\t\t\t\t<\/div>\n\t\t\t\t<div class=\"elementor-element elementor-element-0f697d3 elementor-widget__width-initial elementor-widget elementor-widget-text-editor\" data-id=\"0f697d3\" data-element_type=\"widget\" data-widget_type=\"text-editor.default\">\n\t\t\t\t<div class=\"elementor-widget-container\">\n\t\t\t\t\t\t\t\t\t<p>In KAOS, we believe in the transformative power of the visual arts. Since our inception, we have dedicated ourselves to foster creativity and artistic expression through products and services that inspire and captivate. <\/p>\t\t\t\t\t\t\t\t<\/div>\n\t\t\t\t<\/div>\n\t\t\t\t\t<\/div>\n\t\t\t\t<\/div>\n\t\t\t\t\t<\/div>\n\t\t\t\t<\/div>\n\t\t\t\t<section class=\"elementor-section elementor-top-section elementor-element elementor-element-ba83bf1 elementor-section-boxed elementor-section-height-default elementor-section-height-default\" data-id=\"ba83bf1\" data-element_type=\"section\">\n\t\t\t\t\t\t<div class=\"elementor-container elementor-column-gap-default\">\n\t\t\t\t\t<div class=\"elementor-column elementor-col-100 elementor-top-column elementor-element elementor-element-14795fa\" data-id=\"14795fa\" data-element_type=\"column\">\n\t\t\t<div class=\"elementor-widget-wrap elementor-element-populated\">\n\t\t\t\t\t\t<div class=\"elementor-element elementor-element-441a11d elementor-widget elementor-widget-spacer\" data-id=\"441a11d\" data-element_type=\"widget\" data-widget_type=\"spacer.default\">\n\t\t\t\t<div class=\"elementor-widget-container\">\n\t\t\t\t\t\t\t<div class=\"elementor-spacer\">\n\t\t\t<div class=\"elementor-spacer-inner\"><\/div>\n\t\t<\/div>\n\t\t\t\t\t\t<\/div>\n\t\t\t\t<\/div>\n\t\t\t\t\t<\/div>\n\t\t<\/div>\n\t\t\t\t\t<\/div>\n\t\t<\/section>\n\t\t<div class=\"elementor-element elementor-element-9c1093b e-flex e-con-boxed e-con e-parent\" data-id=\"9c1093b\" data-element_type=\"container\">\n\t\t\t\t\t<div class=\"e-con-inner\">\n\t\t<div class=\"elementor-element elementor-element-13a29d3 e-con-full e-flex e-con e-child\" data-id=\"13a29d3\" data-element_type=\"container\">\n\t\t\t\t<div class=\"elementor-element elementor-element-49e5978 elementor-widget__width-inherit elementor-widget elementor-widget-heading\" data-id=\"49e5978\" data-element_type=\"widget\" data-widget_type=\"heading.default\">\n\t\t\t\t<div class=\"elementor-widget-container\">\n\t\t\t\t\t<h2 class=\"elementor-heading-title elementor-size-default\">The creative mind behind KAOS<\/h2>\t\t\t\t<\/div>\n\t\t\t\t<\/div>\n\t\t\t\t<div class=\"elementor-element elementor-element-10dfae9 elementor-widget__width-inherit elementor-widget elementor-widget-heading\" data-id=\"10dfae9\" data-element_type=\"widget\" data-widget_type=\"heading.default\">\n\t\t\t\t<div class=\"elementor-widget-container\">\n\t\t\t\t\t<h3 class=\"elementor-heading-title elementor-size-default\">Vanessa Balseiro is the creative mind behind KAOS. With a strong background in graphic design and a wide experience in the field, leads our team with passion and dedication. His vision and creativity are the driving force behind our innovative collections and services. <\/h3>\t\t\t\t<\/div>\n\t\t\t\t<\/div>\n\t\t\t\t<\/div>\n\t\t<div class=\"elementor-element elementor-element-94d64a0 e-con-full e-flex e-con e-child\" data-id=\"94d64a0\" data-element_type=\"container\">\n\t\t\t\t<div class=\"elementor-element elementor-element-2c7c3a7 elementor-widget elementor-widget-image\" data-id=\"2c7c3a7\" data-element_type=\"widget\" data-widget_type=\"image.default\">\n\t\t\t\t<div class=\"elementor-widget-container\">\n\t\t\t\t\t\t\t\t\t\t\t\t\t\t\t<img fetchpriority=\"high\" decoding=\"async\" width=\"1280\" height=\"761\" src=\"https:\/\/kaoscreativo.es\/wp-content\/uploads\/2024\/04\/vanessa.webp\" class=\"attachment-full size-full wp-image-955\" alt=\"\" srcset=\"https:\/\/kaoscreativo.es\/wp-content\/uploads\/2024\/04\/vanessa.webp 1280w, https:\/\/kaoscreativo.es\/wp-content\/uploads\/2024\/04\/vanessa-300x178.webp 300w, https:\/\/kaoscreativo.es\/wp-content\/uploads\/2024\/04\/vanessa-1024x609.webp 1024w, https:\/\/kaoscreativo.es\/wp-content\/uploads\/2024\/04\/vanessa-768x457.webp 768w, https:\/\/kaoscreativo.es\/wp-content\/uploads\/2024\/04\/vanessa-500x297.webp 500w, https:\/\/kaoscreativo.es\/wp-content\/uploads\/2024\/04\/vanessa-800x476.webp 800w\" sizes=\"(max-width: 1280px) 100vw, 1280px\" \/>\t\t\t\t\t\t\t\t\t\t\t\t\t\t\t<\/div>\n\t\t\t\t<\/div>\n\t\t\t\t<\/div>\n\t\t\t\t\t<\/div>\n\t\t\t\t<\/div>\n\t\t\t\t<section class=\"elementor-section elementor-top-section elementor-element elementor-element-aa571ff elementor-section-boxed elementor-section-height-default elementor-section-height-default\" data-id=\"aa571ff\" data-element_type=\"section\">\n\t\t\t\t\t\t<div class=\"elementor-container elementor-column-gap-default\">\n\t\t\t\t\t<div class=\"elementor-column elementor-col-100 elementor-top-column elementor-element elementor-element-6ba96fa\" data-id=\"6ba96fa\" data-element_type=\"column\">\n\t\t\t<div class=\"elementor-widget-wrap elementor-element-populated\">\n\t\t\t\t\t\t<div class=\"elementor-element elementor-element-cc74161 elementor-widget elementor-widget-spacer\" data-id=\"cc74161\" data-element_type=\"widget\" data-widget_type=\"spacer.default\">\n\t\t\t\t<div class=\"elementor-widget-container\">\n\t\t\t\t\t\t\t<div class=\"elementor-spacer\">\n\t\t\t<div class=\"elementor-spacer-inner\"><\/div>\n\t\t<\/div>\n\t\t\t\t\t\t<\/div>\n\t\t\t\t<\/div>\n\t\t\t\t\t<\/div>\n\t\t<\/div>\n\t\t\t\t\t<\/div>\n\t\t<\/section>\n\t\t<div class=\"elementor-element elementor-element-6271326 e-flex e-con-boxed e-con e-parent\" data-id=\"6271326\" data-element_type=\"container\">\n\t\t\t\t\t<div class=\"e-con-inner\">\n\t\t<div class=\"elementor-element elementor-element-5acd139 e-con-full e-flex e-con e-child\" data-id=\"5acd139\" data-element_type=\"container\" data-settings=\"{&quot;background_background&quot;:&quot;classic&quot;}\">\n\t\t\t\t<div class=\"elementor-element elementor-element-d5f1565 elementor-widget elementor-widget-heading\" data-id=\"d5f1565\" data-element_type=\"widget\" data-widget_type=\"heading.default\">\n\t\t\t\t<div class=\"elementor-widget-container\">\n\t\t\t\t\t<h2 class=\"elementor-heading-title elementor-size-default\">Our Commitment<\/h2>\t\t\t\t<\/div>\n\t\t\t\t<\/div>\n\t\t\t\t<div class=\"elementor-element elementor-element-e81ddd7 elementor-widget__width-initial elementor-widget elementor-widget-text-editor\" data-id=\"e81ddd7\" data-element_type=\"widget\" data-widget_type=\"text-editor.default\">\n\t\t\t\t<div class=\"elementor-widget-container\">\n\t\t\t\t\t\t\t\t\t<p>Every detail is carefully designed to provide you an exceptional experience.<\/p>\t\t\t\t\t\t\t\t<\/div>\n\t\t\t\t<\/div>\n\t\t\t\t<\/div>\n\t\t<div class=\"elementor-element elementor-element-6ba2b19 e-con-full e-flex e-con e-child\" data-id=\"6ba2b19\" data-element_type=\"container\">\n\t\t\t\t<div class=\"elementor-element elementor-element-c6d870e elementor-widget elementor-widget-image\" data-id=\"c6d870e\" data-element_type=\"widget\" data-widget_type=\"image.default\">\n\t\t\t\t<div class=\"elementor-widget-container\">\n\t\t\t\t\t\t\t\t\t\t\t\t\t\t\t<img decoding=\"async\" width=\"1200\" height=\"750\" src=\"https:\/\/kaoscreativo.es\/wp-content\/uploads\/2023\/01\/03.jpg\" class=\"attachment-full size-full wp-image-80\" alt=\"\" srcset=\"https:\/\/kaoscreativo.es\/wp-content\/uploads\/2023\/01\/03.jpg 1200w, https:\/\/kaoscreativo.es\/wp-content\/uploads\/2023\/01\/03-800x500.jpg 800w\" sizes=\"(max-width: 1200px) 100vw, 1200px\" \/>\t\t\t\t\t\t\t\t\t\t\t\t\t\t\t<\/div>\n\t\t\t\t<\/div>\n\t\t\t\t<\/div>\n\t\t\t\t\t<\/div>\n\t\t\t\t<\/div>\n\t\t<div class=\"elementor-element elementor-element-4a3c53f e-flex e-con-boxed elementor-invisible e-con e-parent\" data-id=\"4a3c53f\" data-element_type=\"container\" data-settings=\"{&quot;background_background&quot;:&quot;classic&quot;,&quot;animation&quot;:&quot;fadeInUp&quot;}\">\n\t\t\t\t\t<div class=\"e-con-inner\">\n\t\t\t\t<div class=\"elementor-element elementor-element-c47d9c1 title-about elementor-widget elementor-widget-heading\" data-id=\"c47d9c1\" data-element_type=\"widget\" data-widget_type=\"heading.default\">\n\t\t\t\t<div class=\"elementor-widget-container\">\n\t\t\t\t\t<h4 class=\"elementor-heading-title elementor-size-default\">Join Us<\/h4>\t\t\t\t<\/div>\n\t\t\t\t<\/div>\n\t\t\t\t<div class=\"elementor-element elementor-element-83dfc61 elementor-widget__width-initial elementor-widget elementor-widget-text-editor\" data-id=\"83dfc61\" data-element_type=\"widget\" data-widget_type=\"text-editor.default\">\n\t\t\t\t<div class=\"elementor-widget-container\">\n\t\t\t\t\t\t\t\t\t<p>Visit our contact page to get in touch with us. I hope to meet you and collaborate on your projects art and design!<\/p>\t\t\t\t\t\t\t\t<\/div>\n\t\t\t\t<\/div>\n\t\t\t\t<div class=\"elementor-element elementor-element-319791f elementor-align-center elementor-widget elementor-widget-button\" data-id=\"319791f\" data-element_type=\"widget\" data-widget_type=\"button.default\">\n\t\t\t\t<div class=\"elementor-widget-container\">\n\t\t\t\t\t\t\t\t\t<div class=\"elementor-button-wrapper\">\n\t\t\t\t\t<a class=\"elementor-button elementor-button-link elementor-size-sm\" href=\"https:\/\/kaoscreativo.es\/en\/contacto\/\">\n\t\t\t\t\t\t<span class=\"elementor-button-content-wrapper\">\n\t\t\t\t\t\t\t\t\t<span class=\"elementor-button-text\">Contact us<\/span>\n\t\t\t\t\t<\/span>\n\t\t\t\t\t<\/a>\n\t\t\t\t<\/div>\n\t\t\t\t\t\t\t\t<\/div>\n\t\t\t\t<\/div>\n\t\t\t\t\t<\/div>\n\t\t\t\t<\/div>\n\t\t\t\t<\/div>","protected":false},"excerpt":{"rendered":"<p>Diapositiva anterior Diapositiva siguiente \u00bfQui\u00e9nes Somos? En KAOS, creemos en el poder transformador de las artes visuales. Desde nuestro inicio, nos hemos dedicado a fomentar la creatividad y la expresi\u00f3n art\u00edstica a trav\u00e9s de productos y servicios que inspiran y cautivan. La mente creativa detr\u00e1s de KAOS Vanessa Balseiro es la mente creativa detr\u00e1s de KAOS. Con una s\u00f3lida formaci\u00f3n en dise\u00f1o gr\u00e1fico y una amplia experiencia en el campo,<\/p>\n<div class=\"post-button\">\n\t\t\t\t   <a href=\"https:\/\/kaoscreativo.es\/en\/about-us\/\">Read More<\/a>\n\t\t\t\t<\/div>","protected":false},"author":2,"featured_media":0,"parent":0,"menu_order":0,"comment_status":"closed","ping_status":"closed","template":"template-page.php","meta":{"_acf_changed":false,"_vp_format_video_url":"","_vp_image_focal_point":[],"footnotes":""},"class_list":["post-131","page","type-page","status-publish","hentry"],"acf":[],"yoast_head":"<!-- This site is optimized with the Yoast SEO plugin v25.3 - https:\/\/yoast.com\/wordpress\/plugins\/seo\/ -->\n<title>About us - Kaos<\/title>\n<meta name=\"robots\" content=\"index, follow, max-snippet:-1, max-image-preview:large, max-video-preview:-1\" \/>\n<link rel=\"canonical\" href=\"https:\/\/kaoscreativo.es\/en\/about-us\/\" \/>\n<meta property=\"og:locale\" content=\"en_US\" \/>\n<meta property=\"og:type\" content=\"article\" \/>\n<meta property=\"og:title\" content=\"About us - Kaos\" \/>\n<meta property=\"og:description\" content=\"Diapositiva anterior Diapositiva siguiente \u00bfQui\u00e9nes Somos? En KAOS, creemos en el poder transformador de las artes visuales. Desde nuestro inicio, nos hemos dedicado a fomentar la creatividad y la expresi\u00f3n art\u00edstica a trav\u00e9s de productos y servicios que inspiran y cautivan. La mente creativa detr\u00e1s de KAOS Vanessa Balseiro es la mente creativa detr\u00e1s de KAOS. Con una s\u00f3lida formaci\u00f3n en dise\u00f1o gr\u00e1fico y una amplia experiencia en el campo,     Read More\" \/>\n<meta property=\"og:url\" content=\"https:\/\/kaoscreativo.es\/en\/about-us\/\" \/>\n<meta property=\"og:site_name\" content=\"Kaos\" \/>\n<meta property=\"article:modified_time\" content=\"2024-04-11T17:22:21+00:00\" \/>\n<meta property=\"og:image\" content=\"https:\/\/kaoscreativo.es\/wp-content\/uploads\/2024\/04\/vanessa.webp\" \/>\n<meta name=\"twitter:card\" content=\"summary_large_image\" \/>\n<meta name=\"twitter:label1\" content=\"Est. reading time\" \/>\n\t<meta name=\"twitter:data1\" content=\"1 minute\" \/>\n<script type=\"application\/ld+json\" class=\"yoast-schema-graph\">{\"@context\":\"https:\/\/schema.org\",\"@graph\":[{\"@type\":\"WebPage\",\"@id\":\"https:\/\/kaoscreativo.es\/about-us\/\",\"url\":\"https:\/\/kaoscreativo.es\/about-us\/\",\"name\":\"About us - Kaos\",\"isPartOf\":{\"@id\":\"https:\/\/kaoscreativo.es\/#website\"},\"primaryImageOfPage\":{\"@id\":\"https:\/\/kaoscreativo.es\/about-us\/#primaryimage\"},\"image\":{\"@id\":\"https:\/\/kaoscreativo.es\/about-us\/#primaryimage\"},\"thumbnailUrl\":\"https:\/\/kaoscreativo.es\/wp-content\/uploads\/2024\/04\/vanessa.webp\",\"datePublished\":\"2023-01-20T10:03:58+00:00\",\"dateModified\":\"2024-04-11T17:22:21+00:00\",\"breadcrumb\":{\"@id\":\"https:\/\/kaoscreativo.es\/about-us\/#breadcrumb\"},\"inLanguage\":\"en-US\",\"potentialAction\":[{\"@type\":\"ReadAction\",\"target\":[\"https:\/\/kaoscreativo.es\/about-us\/\"]}]},{\"@type\":\"ImageObject\",\"inLanguage\":\"en-US\",\"@id\":\"https:\/\/kaoscreativo.es\/about-us\/#primaryimage\",\"url\":\"https:\/\/kaoscreativo.es\/wp-content\/uploads\/2024\/04\/vanessa.webp\",\"contentUrl\":\"https:\/\/kaoscreativo.es\/wp-content\/uploads\/2024\/04\/vanessa.webp\"},{\"@type\":\"BreadcrumbList\",\"@id\":\"https:\/\/kaoscreativo.es\/about-us\/#breadcrumb\",\"itemListElement\":[{\"@type\":\"ListItem\",\"position\":1,\"name\":\"Portada\",\"item\":\"https:\/\/kaoscreativo.es\/\"},{\"@type\":\"ListItem\",\"position\":2,\"name\":\"About us\"}]},{\"@type\":\"WebSite\",\"@id\":\"https:\/\/kaoscreativo.es\/#website\",\"url\":\"https:\/\/kaoscreativo.es\/\",\"name\":\"Kaos\",\"description\":\"\",\"potentialAction\":[{\"@type\":\"SearchAction\",\"target\":{\"@type\":\"EntryPoint\",\"urlTemplate\":\"https:\/\/kaoscreativo.es\/?s={search_term_string}\"},\"query-input\":{\"@type\":\"PropertyValueSpecification\",\"valueRequired\":true,\"valueName\":\"search_term_string\"}}],\"inLanguage\":\"en-US\"}]}<\/script>\n<!-- \/ Yoast SEO plugin. -->","yoast_head_json":{"title":"About us - Kaos","robots":{"index":"index","follow":"follow","max-snippet":"max-snippet:-1","max-image-preview":"max-image-preview:large","max-video-preview":"max-video-preview:-1"},"canonical":"https:\/\/kaoscreativo.es\/en\/about-us\/","og_locale":"en_US","og_type":"article","og_title":"About us - Kaos","og_description":"Diapositiva anterior Diapositiva siguiente \u00bfQui\u00e9nes Somos? En KAOS, creemos en el poder transformador de las artes visuales. Desde nuestro inicio, nos hemos dedicado a fomentar la creatividad y la expresi\u00f3n art\u00edstica a trav\u00e9s de productos y servicios que inspiran y cautivan. La mente creativa detr\u00e1s de KAOS Vanessa Balseiro es la mente creativa detr\u00e1s de KAOS. Con una s\u00f3lida formaci\u00f3n en dise\u00f1o gr\u00e1fico y una amplia experiencia en el campo,     Read More","og_url":"https:\/\/kaoscreativo.es\/en\/about-us\/","og_site_name":"Kaos","article_modified_time":"2024-04-11T17:22:21+00:00","og_image":[{"url":"https:\/\/kaoscreativo.es\/wp-content\/uploads\/2024\/04\/vanessa.webp","type":"","width":"","height":""}],"twitter_card":"summary_large_image","twitter_misc":{"Est. reading time":"1 minute"},"schema":{"@context":"https:\/\/schema.org","@graph":[{"@type":"WebPage","@id":"https:\/\/kaoscreativo.es\/about-us\/","url":"https:\/\/kaoscreativo.es\/about-us\/","name":"About us - Kaos","isPartOf":{"@id":"https:\/\/kaoscreativo.es\/#website"},"primaryImageOfPage":{"@id":"https:\/\/kaoscreativo.es\/about-us\/#primaryimage"},"image":{"@id":"https:\/\/kaoscreativo.es\/about-us\/#primaryimage"},"thumbnailUrl":"https:\/\/kaoscreativo.es\/wp-content\/uploads\/2024\/04\/vanessa.webp","datePublished":"2023-01-20T10:03:58+00:00","dateModified":"2024-04-11T17:22:21+00:00","breadcrumb":{"@id":"https:\/\/kaoscreativo.es\/about-us\/#breadcrumb"},"inLanguage":"en-US","potentialAction":[{"@type":"ReadAction","target":["https:\/\/kaoscreativo.es\/about-us\/"]}]},{"@type":"ImageObject","inLanguage":"en-US","@id":"https:\/\/kaoscreativo.es\/about-us\/#primaryimage","url":"https:\/\/kaoscreativo.es\/wp-content\/uploads\/2024\/04\/vanessa.webp","contentUrl":"https:\/\/kaoscreativo.es\/wp-content\/uploads\/2024\/04\/vanessa.webp"},{"@type":"BreadcrumbList","@id":"https:\/\/kaoscreativo.es\/about-us\/#breadcrumb","itemListElement":[{"@type":"ListItem","position":1,"name":"Portada","item":"https:\/\/kaoscreativo.es\/"},{"@type":"ListItem","position":2,"name":"About us"}]},{"@type":"WebSite","@id":"https:\/\/kaoscreativo.es\/#website","url":"https:\/\/kaoscreativo.es\/","name":"Kaos","description":"","potentialAction":[{"@type":"SearchAction","target":{"@type":"EntryPoint","urlTemplate":"https:\/\/kaoscreativo.es\/?s={search_term_string}"},"query-input":{"@type":"PropertyValueSpecification","valueRequired":true,"valueName":"search_term_string"}}],"inLanguage":"en-US"}]}},"_links":{"self":[{"href":"https:\/\/kaoscreativo.es\/en\/wp-json\/wp\/v2\/pages\/131","targetHints":{"allow":["GET"]}}],"collection":[{"href":"https:\/\/kaoscreativo.es\/en\/wp-json\/wp\/v2\/pages"}],"about":[{"href":"https:\/\/kaoscreativo.es\/en\/wp-json\/wp\/v2\/types\/page"}],"author":[{"embeddable":true,"href":"https:\/\/kaoscreativo.es\/en\/wp-json\/wp\/v2\/users\/2"}],"replies":[{"embeddable":true,"href":"https:\/\/kaoscreativo.es\/en\/wp-json\/wp\/v2\/comments?post=131"}],"version-history":[{"count":62,"href":"https:\/\/kaoscreativo.es\/en\/wp-json\/wp\/v2\/pages\/131\/revisions"}],"predecessor-version":[{"id":1109,"href":"https:\/\/kaoscreativo.es\/en\/wp-json\/wp\/v2\/pages\/131\/revisions\/1109"}],"wp:attachment":[{"href":"https:\/\/kaoscreativo.es\/en\/wp-json\/wp\/v2\/media?parent=131"}],"curies":[{"name":"wp","href":"https:\/\/api.w.org\/{rel}","templated":true}]}}